{"id":10752,"date":"2021-02-24T18:54:16","date_gmt":"2021-02-24T16:54:16","guid":{"rendered":"https:\/\/www.fhusa-tsa.com\/products\/"},"modified":"2021-06-23T13:44:22","modified_gmt":"2021-06-23T11:44:22","slug":"products","status":"publish","type":"page","link":"https:\/\/www.fhusa-tsa.com\/de\/products\/","title":{"rendered":"Produkte"},"content":{"rendered":"[vc_row full_width=&#8221;stretch_row_content_no_spaces&#8221;][vc_column]<link href=\"https:\/\/fonts.googleapis.com\/css?family=Open+Sans:400\" rel=\"stylesheet\" property=\"stylesheet\" type=\"text\/css\" media=\"all\">\n<div id=\"rev_slider_2_1_wrapper\" class=\"rev_slider_wrapper fullwidthbanner-container\" data-source=\"gallery\" style=\"margin:0px auto;background:transparent;padding:0px;margin-top:0px;margin-bottom:0px;\">\n<!-- START REVOLUTION SLIDER 5.4.8.1 auto mode -->\n\t<div id=\"rev_slider_2_1\" class=\"rev_slider fullwidthabanner\" style=\"display:none;\" data-version=\"5.4.8.1\">\n<ul>\t<!-- SLIDE  -->\n\t<li data-index=\"rs-26\" data-transition=\"fade\" data-slotamount=\"default\" data-hideafterloop=\"0\" data-hideslideonmobile=\"off\"  data-easein=\"default\" data-easeout=\"default\" data-masterspeed=\"300\"  data-rotate=\"0\"  data-saveperformance=\"off\"  data-title=\"Slide\" data-param1=\"\" data-param2=\"\" data-param3=\"\" data-param4=\"\" data-param5=\"\" data-param6=\"\" data-param7=\"\" data-param8=\"\" data-param9=\"\" data-param10=\"\" data-description=\"\">\n\t\t<!-- MAIN IMAGE -->\n\t\t<img src=\"https:\/\/www.fhusa-tsa.com\/wp-content\/uploads\/2021\/02\/bill-oxford-fGqsewtsJY-unsplash.jpg\"  alt=\"\" title=\"bill-oxford&#8211;fGqsewtsJY-unsplash\"  width=\"2400\" height=\"1601\" data-bgposition=\"center center\" data-bgfit=\"cover\" data-bgrepeat=\"no-repeat\" class=\"rev-slidebg\" data-no-retina>\n\t\t<!-- LAYERS -->\n\n\t\t<!-- LAYER NR. 1 -->\n\t\t<div class=\"tp-caption   tp-resizeme\" \n\t\t\t id=\"slide-26-layer-1\" \n\t\t\t data-x=\"45\" \n\t\t\t data-y=\"100\" \n\t\t\t\t\t\tdata-width=\"['auto']\"\n\t\t\tdata-height=\"['auto']\"\n \n\t\t\tdata-type=\"text\" \n\t\t\tdata-responsive_offset=\"on\" \n\n\t\t\tdata-frames='[{\"delay\":800,\"speed\":2000,\"frame\":\"0\",\"from\":\"z:0;rX:0;rY:0;rZ:0;sX:0.9;sY:0.9;skX:0;skY:0;opacity:0;\",\"to\":\"o:1;\",\"ease\":\"Power2.easeOut\"},{\"delay\":\"wait\",\"speed\":300,\"frame\":\"999\",\"to\":\"opacity:0;\",\"ease\":\"Power3.easeInOut\"}]'\n\t\t\tdata-textAlign=\"['inherit','inherit','inherit','inherit']\"\n\t\t\tdata-paddingtop=\"[0,0,0,0]\"\n\t\t\tdata-paddingright=\"[0,0,0,0]\"\n\t\t\tdata-paddingbottom=\"[0,0,0,0]\"\n\t\t\tdata-paddingleft=\"[0,0,0,0]\"\n\n\t\t\tstyle=\"z-index: 5; white-space: nowrap; font-size: 40px; line-height: 22px; font-weight: 400; color: rgba(219,153,106,1);font-family:Open Sans;\"><span style=\"background-color: #01163d; padding:0 10px\">  Unsere produkte <\/span> <\/div>\n\t<\/li>\n<\/ul>\n<div class=\"tp-bannertimer tp-bottom\" style=\"visibility: hidden !important;\"><\/div>\t<\/div>\n<script>var htmlDiv = document.getElementById(\"rs-plugin-settings-inline-css\"); var htmlDivCss=\"\";\r\n\t\t\t\tif(htmlDiv) {\r\n\t\t\t\t\thtmlDiv.innerHTML = htmlDiv.innerHTML + htmlDivCss;\r\n\t\t\t\t}else{\r\n\t\t\t\t\tvar htmlDiv = document.createElement(\"div\");\r\n\t\t\t\t\thtmlDiv.innerHTML = \"<style>\" + htmlDivCss + \"<\/style>\";\r\n\t\t\t\t\tdocument.getElementsByTagName(\"head\")[0].appendChild(htmlDiv.childNodes[0]);\r\n\t\t\t\t}\r\n\t\t\t<\/script>\n\t\t<script type=\"text\/javascript\">\r\nif (setREVStartSize!==undefined) setREVStartSize(\r\n\t{c: '#rev_slider_2_1', gridwidth: [1240], gridheight: [340], sliderLayout: 'auto'});\r\n\t\t\t\r\nvar revapi2,\r\n\ttpj;\t\r\n(function() {\t\t\t\r\n\tif (!\/loaded|interactive|complete\/.test(document.readyState)) document.addEventListener(\"DOMContentLoaded\",onLoad); else onLoad();\t\r\n\tfunction onLoad() {\t\t\t\t\r\n\t\tif (tpj===undefined) { tpj = jQuery; if(\"off\" == \"on\") tpj.noConflict();}\r\n\tif(tpj(\"#rev_slider_2_1\").revolution == undefined){\n\t\trevslider_showDoubleJqueryError(\"#rev_slider_2_1\");\n\t}else{\n\t\trevapi2 = tpj(\"#rev_slider_2_1\").show().revolution({\n\t\t\tsliderType:\"standard\",\n\t\t\tjsFileLocation:\"\/\/www.fhusa-tsa.com\/wp-content\/plugins\/SliderRevolution\/public\/assets\/js\/\",\n\t\t\tsliderLayout:\"auto\",\n\t\t\tdottedOverlay:\"none\",\n\t\t\tdelay:5400,\n\t\t\tnavigation: {\n\t\t\t\tonHoverStop:\"off\",\n\t\t\t},\n\t\t\tvisibilityLevels:[1240,1024,778,480],\n\t\t\tgridwidth:1240,\n\t\t\tgridheight:340,\n\t\t\tlazyType:\"none\",\n\t\t\tshadow:0,\n\t\t\tspinner:\"spinner0\",\n\t\t\tstopLoop:\"off\",\n\t\t\tstopAfterLoops:-1,\n\t\t\tstopAtSlide:-1,\n\t\t\tshuffle:\"off\",\n\t\t\tautoHeight:\"off\",\n\t\t\tdisableProgressBar:\"on\",\n\t\t\thideThumbsOnMobile:\"off\",\n\t\t\thideSliderAtLimit:0,\n\t\t\thideCaptionAtLimit:0,\n\t\t\thideAllCaptionAtLilmit:0,\n\t\t\tdebugMode:false,\n\t\t\tfallbacks: {\n\t\t\t\tsimplifyAll:\"off\",\n\t\t\t\tnextSlideOnWindowFocus:\"off\",\n\t\t\t\tdisableFocusListener:false,\n\t\t\t}\n\t\t});\n\t}; \/* END OF revapi call *\/\n\t\n }; \/* END OF ON LOAD FUNCTION *\/\r\n}()); \/* END OF WRAPPING FUNCTION *\/\r\n<\/script>\r\n\t\t<\/div><!-- END REVOLUTION SLIDER -->[\/vc_column][\/vc_row][vc_row][vc_column]<section id=\"content-section-80244930\" class=\"intense content-section \"2 style=\"  margin-bottom: 0; margin-top: 0; margin-left: 0; margin-right: 0;  padding-top: 25px; padding-bottom:25px; padding-left: 0; padding-right:0; \"><div class=\"intense container  \">[vc_row_inner][vc_column_inner width=&#8221;1\/4&#8243;][vc_single_image image=&#8221;10732&#8243; img_size=&#8221;medium&#8221; alignment=&#8221;center&#8221; onclick=&#8221;custom_link&#8221; img_link_target=&#8221;_blank&#8221; link=&#8221;https:\/\/www.fhusa-tsa.com\/de\/stossraeder\/&#8221; el_class=&#8221;zoom-product&#8221; title=&#8221;SCHNEIDR\u00c4DER&#8221;][vc_single_image image=&#8221;10729&#8243; img_size=&#8221;medium&#8221; alignment=&#8221;center&#8221; onclick=&#8221;custom_link&#8221; img_link_target=&#8221;_blank&#8221; link=&#8221;https:\/\/www.fhusa-tsa.com\/de\/schabraeder\/&#8221; el_class=&#8221;zoom-product&#8221; title=&#8221;SCHABR\u00c4DER&#8221;][\/vc_column_inner][vc_column_inner width=&#8221;1\/4&#8243;][vc_single_image image=&#8221;10726&#8243; img_size=&#8221;medium&#8221; alignment=&#8221;center&#8221; onclick=&#8221;custom_link&#8221; img_link_target=&#8221;_blank&#8221; link=&#8221;https:\/\/www.fhusa-tsa.com\/de\/waelzfraeser-und-scheibenfraeser\/&#8221; el_class=&#8221;zoom-product&#8221; title=&#8221;W\u00c4LZFR\u00c4SER UND SCHEIBENFR\u00c4SER&#8221;][vc_single_image image=&#8221;10723&#8243; img_size=&#8221;medium&#8221; alignment=&#8221;center&#8221; onclick=&#8221;custom_link&#8221; img_link_target=&#8221;_blank&#8221; link=&#8221;https:\/\/www.fhusa-tsa.com\/de\/walzbacken\/&#8221; el_class=&#8221;zoom-product&#8221; title=&#8221;WALZBACKEN&#8221;][\/vc_column_inner][vc_column_inner width=&#8221;1\/4&#8243;][vc_single_image image=&#8221;10735&#8243; img_size=&#8221;medium&#8221; alignment=&#8221;center&#8221; onclick=&#8221;custom_link&#8221; img_link_target=&#8221;_blank&#8221; link=&#8221;https:\/\/www.fhusa-tsa.com\/de\/lehrzahnraeder\/&#8221; el_class=&#8221;zoom-product&#8221; title=&#8221;LEHRZAHNR\u00c4DER&#8221;][vc_single_image image=&#8221;10738&#8243; img_size=&#8221;medium&#8221; alignment=&#8221;center&#8221; onclick=&#8221;custom_link&#8221; img_link_target=&#8221;_blank&#8221; link=&#8221;https:\/\/www.fhusa-tsa.com\/de\/anfas-und-entgratwerkzeuge\/&#8221; el_class=&#8221;zoom-product&#8221; title=&#8221;ANFAS \u2013 UND ENTGRATWERKZEUGE&#8221;][\/vc_column_inner][vc_column_inner width=&#8221;1\/4&#8243;][vc_single_image image=&#8221;10806&#8243; img_size=&#8221;medium&#8221; alignment=&#8221;center&#8221; onclick=&#8221;custom_link&#8221; img_link_target=&#8221;_blank&#8221; link=&#8221;https:\/\/www.fhusa-tsa.com\/de\/raspeln\/&#8221; el_class=&#8221;zoom-product&#8221; title=&#8221;SCH\u00c4LWERKZEUGE&#8221;][vc_single_image image=&#8221;10741&#8243; img_size=&#8221;medium&#8221; alignment=&#8221;center&#8221; onclick=&#8221;custom_link&#8221; img_link_target=&#8221;_blank&#8221; link=&#8221;https:\/\/www.fhusa-tsa.com\/de\/schaelwerkzeuge-neues-produkt\/&#8221; el_class=&#8221;zoom-product&#8221; title=&#8221;RASPELN&#8221;][\/vc_column_inner][\/vc_row_inner]<\/div><\/section>[\/vc_column][\/vc_row][vc_row full_width=&#8221;stretch_row_content_no_spaces&#8221; css=&#8221;.vc_custom_1614185554881{background-color: #01163d !important;}&#8221;][vc_column][vc_empty_space height=&#8221;1em&#8221;][vc_row_inner][vc_column_inner width=&#8221;1\/3&#8243;][\/vc_column_inner][vc_column_inner width=&#8221;1\/3&#8243;][vc_column_text]\n<h3 style=\"text-align: center;\"><span style=\"color: #ffffff;\"><strong>Wenn Sie weitere Informationen ben\u00f6tigen oder Fragen haben, kontaktieren Sie uns<\/strong><\/span><\/h3>\n[\/vc_column_text]<center><a id='btn_1574994239' style='' href='\/contacto\/' target='_self'  class='intense  btn btn-md'  >KONTAKT<\/a><\/center>[\/vc_column_inner][vc_column_inner width=&#8221;1\/3&#8243;][\/vc_column_inner][\/vc_row_inner][vc_empty_space height=&#8221;3em&#8221;][\/vc_column][\/vc_row]\n","protected":false},"excerpt":{"rendered":"<p>[vc_row full_width=&#8221;stretch_row_content_no_spaces&#8221;][vc_column][\/vc_column][\/vc_row][vc_row][vc_column][\/vc_column][\/vc_row][vc_row full_width=&#8221;stretch_row_content_no_spaces&#8221; css=&#8221;.vc_custom_1614185554881{background-color: #01163d !important;}&#8221;][vc_column][vc_empty_space height=&#8221;1em&#8221;][vc_row_inner][vc_column_inner width=&#8221;1\/3&#8243;][\/vc_column_inner][vc_column_inner width=&#8221;1\/3&#8243;][vc_column_text] Wenn Sie weitere Informationen ben\u00f6tigen oder Fragen haben, kontaktieren Sie uns [\/vc_column_text][\/vc_column_inner][vc_column_inner width=&#8221;1\/3&#8243;][\/vc_column_inner][\/vc_row_inner][vc_empty_space height=&#8221;3em&#8221;][\/vc_column][\/vc_row]<\/p>\n","protected":false},"author":1,"featured_media":0,"parent":0,"menu_order":0,"comment_status":"closed","ping_status":"closed","template":"","meta":[],"yoast_head":"<!-- This site is optimized with the Yoast SEO plugin v16.4 - https:\/\/yoast.com\/wordpress\/plugins\/seo\/ -->\n<title>Produkte - FHUSA-TSA<\/title>\n<meta name=\"robots\" content=\"index, follow, max-snippet:-1, max-image-preview:large, max-video-preview:-1\" \/>\n<link rel=\"canonical\" href=\"https:\/\/www.fhusa-tsa.com\/de\/products\/\" \/>\n<meta property=\"og:locale\" content=\"de_DE\" \/>\n<meta property=\"og:type\" content=\"article\" \/>\n<meta property=\"og:title\" content=\"Produkte - FHUSA-TSA\" \/>\n<meta property=\"og:description\" content=\"[vc_row full_width=&#8221;stretch_row_content_no_spaces&#8221;][vc_column][\/vc_column][\/vc_row][vc_row][vc_column][\/vc_column][\/vc_row][vc_row full_width=&#8221;stretch_row_content_no_spaces&#8221; css=&#8221;.vc_custom_1614185554881{background-color: #01163d !important;}&#8221;][vc_column][vc_empty_space height=&#8221;1em&#8221;][vc_row_inner][vc_column_inner width=&#8221;1\/3&#8243;][\/vc_column_inner][vc_column_inner width=&#8221;1\/3&#8243;][vc_column_text] Wenn Sie weitere Informationen ben\u00f6tigen oder Fragen haben, kontaktieren Sie uns [\/vc_column_text][\/vc_column_inner][vc_column_inner width=&#8221;1\/3&#8243;][\/vc_column_inner][\/vc_row_inner][vc_empty_space height=&#8221;3em&#8221;][\/vc_column][\/vc_row]\" \/>\n<meta property=\"og:url\" content=\"https:\/\/www.fhusa-tsa.com\/de\/products\/\" \/>\n<meta property=\"og:site_name\" content=\"FHUSA-TSA\" \/>\n<meta property=\"article:modified_time\" content=\"2021-06-23T11:44:22+00:00\" \/>\n<meta name=\"twitter:card\" content=\"summary\" \/>\n<meta name=\"twitter:label1\" content=\"Est. reading time\" \/>\n\t<meta name=\"twitter:data1\" content=\"1 minute\" \/>\n<script type=\"application\/ld+json\" class=\"yoast-schema-graph\">{\"@context\":\"https:\/\/schema.org\",\"@graph\":[{\"@type\":\"WebSite\",\"@id\":\"https:\/\/www.fhusa-tsa.com\/#website\",\"url\":\"https:\/\/www.fhusa-tsa.com\/\",\"name\":\"FHUSA-TSA\",\"description\":\"Fabricante Herramientas Precisi\\u00f3n para Engranajes, Skiving, Fresas Madre, Cortadores\",\"potentialAction\":[{\"@type\":\"SearchAction\",\"target\":\"https:\/\/www.fhusa-tsa.com\/?s={search_term_string}\",\"query-input\":\"required name=search_term_string\"}],\"inLanguage\":\"de-DE\"},{\"@type\":\"WebPage\",\"@id\":\"https:\/\/www.fhusa-tsa.com\/de\/products\/#webpage\",\"url\":\"https:\/\/www.fhusa-tsa.com\/de\/products\/\",\"name\":\"Produkte - FHUSA-TSA\",\"isPartOf\":{\"@id\":\"https:\/\/www.fhusa-tsa.com\/#website\"},\"datePublished\":\"2021-02-24T16:54:16+00:00\",\"dateModified\":\"2021-06-23T11:44:22+00:00\",\"breadcrumb\":{\"@id\":\"https:\/\/www.fhusa-tsa.com\/de\/products\/#breadcrumb\"},\"inLanguage\":\"de-DE\",\"potentialAction\":[{\"@type\":\"ReadAction\",\"target\":[\"https:\/\/www.fhusa-tsa.com\/de\/products\/\"]}]},{\"@type\":\"BreadcrumbList\",\"@id\":\"https:\/\/www.fhusa-tsa.com\/de\/products\/#breadcrumb\",\"itemListElement\":[{\"@type\":\"ListItem\",\"position\":1,\"item\":{\"@type\":\"WebPage\",\"@id\":\"https:\/\/www.fhusa-tsa.com\/de\/\",\"url\":\"https:\/\/www.fhusa-tsa.com\/de\/\",\"name\":\"Portada\"}},{\"@type\":\"ListItem\",\"position\":2,\"item\":{\"@id\":\"https:\/\/www.fhusa-tsa.com\/de\/products\/#webpage\"}}]}]}<\/script>\n<!-- \/ Yoast SEO plugin. -->","_links":{"self":[{"href":"https:\/\/www.fhusa-tsa.com\/de\/wp-json\/wp\/v2\/pages\/10752"}],"collection":[{"href":"https:\/\/www.fhusa-tsa.com\/de\/wp-json\/wp\/v2\/pages"}],"about":[{"href":"https:\/\/www.fhusa-tsa.com\/de\/wp-json\/wp\/v2\/types\/page"}],"author":[{"embeddable":true,"href":"https:\/\/www.fhusa-tsa.com\/de\/wp-json\/wp\/v2\/users\/1"}],"replies":[{"embeddable":true,"href":"https:\/\/www.fhusa-tsa.com\/de\/wp-json\/wp\/v2\/comments?post=10752"}],"version-history":[{"count":7,"href":"https:\/\/www.fhusa-tsa.com\/de\/wp-json\/wp\/v2\/pages\/10752\/revisions"}],"predecessor-version":[{"id":12403,"href":"https:\/\/www.fhusa-tsa.com\/de\/wp-json\/wp\/v2\/pages\/10752\/revisions\/12403"}],"wp:attachment":[{"href":"https:\/\/www.fhusa-tsa.com\/de\/wp-json\/wp\/v2\/media?parent=10752"}],"curies":[{"name":"wp","href":"https:\/\/api.w.org\/{rel}","templated":true}]}}