{"id":3294,"date":"2017-05-08T11:10:46","date_gmt":"2017-05-08T11:10:46","guid":{"rendered":"https:\/\/www.fhusa-tsa.com\/?page_id=3294\/"},"modified":"2021-11-23T18:34:41","modified_gmt":"2021-11-23T16:34:41","slug":"wer-sind-wir","status":"publish","type":"page","link":"https:\/\/www.fhusa-tsa.com\/de\/wer-sind-wir\/","title":{"rendered":"\u00dcBER UNS"},"content":{"rendered":"<section id=\"content-section-1757746675\" class=\"intense content-section \"2 style=\"  margin-bottom: 0; margin-top: 0; margin-left: 0; margin-right: 0;  padding-top: 0; padding-bottom:25px; padding-left: 0; padding-right:0; \"><div class=\"intense container  \"><div  class='intense row ' style='padding-top: 0; padding-bottom: 0; margin-top: 0; margin-bottom: 0; '><div class='intense col-lg-12 col-xs-12 col-sm-12 col-md-12 '><div id=\"hr_1488672404\" class='intense hr horizontal hr-left  '><h2 class='intense hr-title ' style='background-color: #ffffff; padding-left: 0px;'>Die Gruppe FHUSA-TSA<\/h2><span class='intense hr-inner hr-solid ' style='border-color: #a3a3a3; '><\/span><\/div>[vc_row_inner][vc_column_inner width=&#8221;1\/2&#8243;][vc_single_image image=&#8221;3113&#8243; img_size=&#8221;full&#8221;][\/vc_column_inner][vc_column_inner width=&#8221;1\/2&#8243;][vc_column_text]Transmecanica SA &#8211; TSA, ein Unternehmen mit rein industrieller Natur &#8211; hat im Jahr 1973 als <strong>Hersteller von Getriebeschneidr\u00e4dern<\/strong> begonnen. Im Laufe der Zeit erlebte das Unternehmen ein <strong>anhaltendes Wachstum<\/strong> als Hersteller einer breiten Palette an speziellen Verzahnungswerkzeugen, wobei den Kunden qualitativ hochwertige Pr\u00e4zisionsprodukte wie:<\/p>\n<ul>\n<li>Sto\u00dfr\u00e4der<\/li>\n<li>Schabr\u00e4der<\/li>\n<li>W\u00e4lzfr\u00e4ser<\/li>\n<li>Anfas- und Entgratwerkzeuge<\/li>\n<li>Walzbacken<\/li>\n<li>Meister Lehrzahnr\u00e4der<\/li>\n<\/ul>\n<p>Aufgrund der <strong>kompletten und umfassenden Erfahrung<\/strong> mit den modernsten Technologien und der ausschlie\u00dflichen Verwendung der feinsten Rohstoffe wurde <strong>TSA<\/strong> zu einer <strong>weltweiten Referenz f\u00fcr Verzahnungswerkzeugen. <\/strong>[\/vc_column_text][\/vc_column_inner][\/vc_row_inner][vc_row_inner][vc_column_inner][vc_column_text]<strong>Was ist unsere Trajektorie?<\/strong><\/p>\n<p>Im Jahr 2009 hat <strong>TSA das spanische Unternehmen FHUSA<\/strong> (traditioneller Hersteller von Walzfr\u00e4sern) <strong>gekauft<\/strong>, wodurch die <strong>Qualit\u00e4t, die Technologie und die Expertise<\/strong> von zwei bekannten Produzenten von Verzahnungswerkzeugen vereint wurden.<\/p>\n<p><strong>FHUSA-TSA<\/strong> bietet die <strong>breiteste Palette an zylindrischen Verzahnungswerkzeugen<\/strong> und Dienstleistungen auf dem Markt, w\u00e4hrend gleichzeitig die Flexibilit\u00e4t und das schnelle Ansprechen eines mittelgro\u00dfen Unternehmens bewahrt bleiben.<\/p>\n<p><strong>\u00bf<\/strong> <strong>Wer sind unsere Hauptkunden<\/strong><strong>?<\/strong><\/p>\n<p>Hauptkunden finden sich in folgenden M\u00e4rkten:<\/p>\n<ul>\n<li>Automotive<\/li>\n<li>Landwirtschaftlich<\/li>\n<li>Windkraft<\/li>\n<li>Bergbau<\/li>\n<li>\u00d6lbenzin<\/li>\n<\/ul>\n<p>Maschinen und entsprechende Ersatzm\u00e4rkte[\/vc_column_text][\/vc_column_inner][\/vc_row_inner]<\/div><\/div><\/div><\/section><div class='intense col-lg-12 col-xs-12 col-sm-12 col-md-12 '><div id=\"hr_172544203\" class='intense hr horizontal hr-left  '><h2 class='intense hr-title ' style='background-color: #ffffff; padding-left: 0px;'>Unsere technologischen Ressourcen  <\/h2><span class='intense hr-inner hr-solid ' style='border-color: #a3a3a3; '><\/span><\/div>[vc_row_inner][vc_column_inner width=&#8221;1\/4&#8243;][vc_single_image image=&#8221;3107&#8243; img_size=&#8221;medium&#8221;][\/vc_column_inner][vc_column_inner width=&#8221;3\/4&#8243;][vc_column_text]<strong>FHUSA-TSA<\/strong> verwendet in jeder Phase seiner Produktionsprozesse <strong>modernste Technologien <\/strong>und \u00fcberpr\u00fcft bzw. <strong>stellt die Qualit\u00e4t aller hergestellten Tools sicher<\/strong>.<\/p>\n<p>Die in all diesen Jahren gesammelte Sachkenntnis und das breite Wissen der Anforderungen in der Produktion von Schneidwerkzeugen haben das Unternehmen dazu gef\u00fchrt, seine <strong>eigene Software<\/strong> <strong>und Maschinerie<\/strong> f\u00fcr die wichtigsten Betriebsvorg\u00e4nge zu entwickeln, wodurch der <strong>selbst auferlegte hohe Qualit\u00e4tsstandard garantiert wird.<\/strong><\/p>\n<p>&nbsp;<\/p>\n<ul>\n<li>Eigene Entwicklungssoftware, die mit dem CAD-Design interagiert, und so die virtuelle Nachbildung der Betriebsbedingungen des Tools erm\u00f6glicht<\/li>\n<li>CNC-Bearbeitungszentren<\/li>\n<li>EDM-Maschinen<\/li>\n<li>Vakuum-W\u00e4rmebehandlung<\/li>\n<li>6-Achsen-CNC-Schleifmaschinen<\/li>\n<li>CNC-Pr\u00fcfzentren<\/li>\n<\/ul>\n[\/vc_column_text][\/vc_column_inner][\/vc_row_inner]<\/div>[vc_row full_width=&#8221;stretch_row_content_no_spaces&#8221;][vc_column width=&#8221;1\/6&#8243;][vc_single_image image=&#8221;10667&#8243; img_size=&#8221;full&#8221; alignment=&#8221;center&#8221;][\/vc_column][vc_column width=&#8221;1\/6&#8243;][vc_single_image image=&#8221;10658&#8243; img_size=&#8221;full&#8221; alignment=&#8221;center&#8221;][\/vc_column][vc_column width=&#8221;1\/6&#8243;][vc_single_image image=&#8221;10652&#8243; img_size=&#8221;full&#8221; alignment=&#8221;center&#8221;][\/vc_column][vc_column width=&#8221;1\/6&#8243;][vc_single_image image=&#8221;10661&#8243; img_size=&#8221;full&#8221; alignment=&#8221;center&#8221;][\/vc_column][vc_column width=&#8221;1\/6&#8243;][vc_single_image image=&#8221;10655&#8243; img_size=&#8221;full&#8221; alignment=&#8221;center&#8221;][\/vc_column][vc_column width=&#8221;1\/6&#8243;][vc_single_image image=&#8221;10664&#8243; img_size=&#8221;full&#8221; alignment=&#8221;center&#8221;][\/vc_column][\/vc_row][vc_row full_width=&#8221;stretch_row_content_no_spaces&#8221; css=&#8221;.vc_custom_1614344634177{background-color: #01163d !important;}&#8221;][vc_column][vc_empty_space height=&#8221;1em&#8221;][vc_row_inner][vc_column_inner width=&#8221;1\/3&#8243;][\/vc_column_inner][vc_column_inner width=&#8221;1\/3&#8243;][vc_column_text]\n<h3 style=\"text-align: center;\"><span style=\"color: #ffffff;\"><strong>Wenn Sie weitere Informationen ben\u00f6tigen oder Fragen haben, kontaktieren Sie uns<\/strong><\/span><\/h3>\n[\/vc_column_text]<center><a id='btn_679504839' style='' href='\/contacto\/' target='_self'  class='intense  btn btn-md'  >KONTAKT<\/a><\/center>[\/vc_column_inner][vc_column_inner width=&#8221;1\/3&#8243;][\/vc_column_inner][\/vc_row_inner][vc_empty_space height=&#8221;3em&#8221;][\/vc_column][\/vc_row]\n","protected":false},"excerpt":{"rendered":"<p>[vc_row full_width=&#8221;stretch_row_content_no_spaces&#8221;][vc_column width=&#8221;1\/6&#8243;][vc_single_image image=&#8221;10667&#8243; img_size=&#8221;full&#8221; alignment=&#8221;center&#8221;][\/vc_column][vc_column width=&#8221;1\/6&#8243;][vc_single_image image=&#8221;10658&#8243; img_size=&#8221;full&#8221; alignment=&#8221;center&#8221;][\/vc_column][vc_column width=&#8221;1\/6&#8243;][vc_single_image image=&#8221;10652&#8243; img_size=&#8221;full&#8221; alignment=&#8221;center&#8221;][\/vc_column][vc_column width=&#8221;1\/6&#8243;][vc_single_image image=&#8221;10661&#8243; img_size=&#8221;full&#8221; alignment=&#8221;center&#8221;][\/vc_column][vc_column width=&#8221;1\/6&#8243;][vc_single_image image=&#8221;10655&#8243; img_size=&#8221;full&#8221; alignment=&#8221;center&#8221;][\/vc_column][vc_column width=&#8221;1\/6&#8243;][vc_single_image image=&#8221;10664&#8243; img_size=&#8221;full&#8221; alignment=&#8221;center&#8221;][\/vc_column][\/vc_row][vc_row full_width=&#8221;stretch_row_content_no_spaces&#8221; css=&#8221;.vc_custom_1614344634177{background-color: #01163d !important;}&#8221;][vc_column][vc_empty_space height=&#8221;1em&#8221;][vc_row_inner][vc_column_inner width=&#8221;1\/3&#8243;][\/vc_column_inner][vc_column_inner width=&#8221;1\/3&#8243;][vc_column_text] Wenn Sie weitere Informationen ben\u00f6tigen oder Fragen haben, kontaktieren Sie uns [\/vc_column_text][\/vc_column_inner][vc_column_inner width=&#8221;1\/3&#8243;][\/vc_column_inner][\/vc_row_inner][vc_empty_space height=&#8221;3em&#8221;][\/vc_column][\/vc_row]<\/p>\n","protected":false},"author":1,"featured_media":0,"parent":0,"menu_order":0,"comment_status":"open","ping_status":"closed","template":"","meta":[],"yoast_head":"<!-- This site is optimized with the Yoast SEO plugin v16.4 - https:\/\/yoast.com\/wordpress\/plugins\/seo\/ -->\n<title>\u00dcBER UNS - FHUSA-TSA<\/title>\n<meta name=\"robots\" content=\"index, follow, max-snippet:-1, max-image-preview:large, max-video-preview:-1\" \/>\n<link rel=\"canonical\" href=\"https:\/\/www.fhusa-tsa.com\/de\/wer-sind-wir\/\" \/>\n<meta property=\"og:locale\" content=\"de_DE\" \/>\n<meta property=\"og:type\" content=\"article\" \/>\n<meta property=\"og:title\" content=\"\u00dcBER UNS - FHUSA-TSA\" \/>\n<meta property=\"og:description\" content=\"[vc_row full_width=&#8221;stretch_row_content_no_spaces&#8221;][vc_column width=&#8221;1\/6&#8243;][vc_single_image image=&#8221;10667&#8243; img_size=&#8221;full&#8221; alignment=&#8221;center&#8221;][\/vc_column][vc_column width=&#8221;1\/6&#8243;][vc_single_image image=&#8221;10658&#8243; img_size=&#8221;full&#8221; alignment=&#8221;center&#8221;][\/vc_column][vc_column width=&#8221;1\/6&#8243;][vc_single_image image=&#8221;10652&#8243; img_size=&#8221;full&#8221; alignment=&#8221;center&#8221;][\/vc_column][vc_column width=&#8221;1\/6&#8243;][vc_single_image image=&#8221;10661&#8243; img_size=&#8221;full&#8221; alignment=&#8221;center&#8221;][\/vc_column][vc_column width=&#8221;1\/6&#8243;][vc_single_image image=&#8221;10655&#8243; img_size=&#8221;full&#8221; alignment=&#8221;center&#8221;][\/vc_column][vc_column width=&#8221;1\/6&#8243;][vc_single_image image=&#8221;10664&#8243; img_size=&#8221;full&#8221; alignment=&#8221;center&#8221;][\/vc_column][\/vc_row][vc_row full_width=&#8221;stretch_row_content_no_spaces&#8221; css=&#8221;.vc_custom_1614344634177{background-color: #01163d !important;}&#8221;][vc_column][vc_empty_space height=&#8221;1em&#8221;][vc_row_inner][vc_column_inner width=&#8221;1\/3&#8243;][\/vc_column_inner][vc_column_inner width=&#8221;1\/3&#8243;][vc_column_text] Wenn Sie weitere Informationen ben\u00f6tigen oder Fragen haben, kontaktieren Sie uns [\/vc_column_text][\/vc_column_inner][vc_column_inner width=&#8221;1\/3&#8243;][\/vc_column_inner][\/vc_row_inner][vc_empty_space height=&#8221;3em&#8221;][\/vc_column][\/vc_row]\" \/>\n<meta property=\"og:url\" content=\"https:\/\/www.fhusa-tsa.com\/de\/wer-sind-wir\/\" \/>\n<meta property=\"og:site_name\" content=\"FHUSA-TSA\" \/>\n<meta property=\"article:modified_time\" content=\"2021-11-23T16:34:41+00:00\" \/>\n<meta name=\"twitter:card\" content=\"summary\" \/>\n<meta name=\"twitter:label1\" content=\"Est. reading time\" \/>\n\t<meta name=\"twitter:data1\" content=\"2 minutes\" \/>\n<script type=\"application\/ld+json\" class=\"yoast-schema-graph\">{\"@context\":\"https:\/\/schema.org\",\"@graph\":[{\"@type\":\"WebSite\",\"@id\":\"https:\/\/www.fhusa-tsa.com\/#website\",\"url\":\"https:\/\/www.fhusa-tsa.com\/\",\"name\":\"FHUSA-TSA\",\"description\":\"Fabricante Herramientas Precisi\\u00f3n para Engranajes, Skiving, Fresas Madre, Cortadores\",\"potentialAction\":[{\"@type\":\"SearchAction\",\"target\":\"https:\/\/www.fhusa-tsa.com\/?s={search_term_string}\",\"query-input\":\"required name=search_term_string\"}],\"inLanguage\":\"de-DE\"},{\"@type\":\"WebPage\",\"@id\":\"https:\/\/www.fhusa-tsa.com\/de\/wer-sind-wir\/#webpage\",\"url\":\"https:\/\/www.fhusa-tsa.com\/de\/wer-sind-wir\/\",\"name\":\"\\u00dcBER UNS - FHUSA-TSA\",\"isPartOf\":{\"@id\":\"https:\/\/www.fhusa-tsa.com\/#website\"},\"datePublished\":\"2017-05-08T11:10:46+00:00\",\"dateModified\":\"2021-11-23T16:34:41+00:00\",\"breadcrumb\":{\"@id\":\"https:\/\/www.fhusa-tsa.com\/de\/wer-sind-wir\/#breadcrumb\"},\"inLanguage\":\"de-DE\",\"potentialAction\":[{\"@type\":\"ReadAction\",\"target\":[\"https:\/\/www.fhusa-tsa.com\/de\/wer-sind-wir\/\"]}]},{\"@type\":\"BreadcrumbList\",\"@id\":\"https:\/\/www.fhusa-tsa.com\/de\/wer-sind-wir\/#breadcrumb\",\"itemListElement\":[{\"@type\":\"ListItem\",\"position\":1,\"item\":{\"@type\":\"WebPage\",\"@id\":\"https:\/\/www.fhusa-tsa.com\/de\/\",\"url\":\"https:\/\/www.fhusa-tsa.com\/de\/\",\"name\":\"Portada\"}},{\"@type\":\"ListItem\",\"position\":2,\"item\":{\"@id\":\"https:\/\/www.fhusa-tsa.com\/de\/wer-sind-wir\/#webpage\"}}]}]}<\/script>\n<!-- \/ Yoast SEO plugin. -->","_links":{"self":[{"href":"https:\/\/www.fhusa-tsa.com\/de\/wp-json\/wp\/v2\/pages\/3294"}],"collection":[{"href":"https:\/\/www.fhusa-tsa.com\/de\/wp-json\/wp\/v2\/pages"}],"about":[{"href":"https:\/\/www.fhusa-tsa.com\/de\/wp-json\/wp\/v2\/types\/page"}],"author":[{"embeddable":true,"href":"https:\/\/www.fhusa-tsa.com\/de\/wp-json\/wp\/v2\/users\/1"}],"replies":[{"embeddable":true,"href":"https:\/\/www.fhusa-tsa.com\/de\/wp-json\/wp\/v2\/comments?post=3294"}],"version-history":[{"count":11,"href":"https:\/\/www.fhusa-tsa.com\/de\/wp-json\/wp\/v2\/pages\/3294\/revisions"}],"predecessor-version":[{"id":10910,"href":"https:\/\/www.fhusa-tsa.com\/de\/wp-json\/wp\/v2\/pages\/3294\/revisions\/10910"}],"wp:attachment":[{"href":"https:\/\/www.fhusa-tsa.com\/de\/wp-json\/wp\/v2\/media?parent=3294"}],"curies":[{"name":"wp","href":"https:\/\/api.w.org\/{rel}","templated":true}]}}