{"id":11639,"date":"2021-05-11T11:56:37","date_gmt":"2021-05-11T09:56:37","guid":{"rendered":"https:\/\/www.fhusa-tsa.com\/?page_id=11639"},"modified":"2021-11-16T17:23:28","modified_gmt":"2021-11-16T15:23:28","slug":"brochas","status":"publish","type":"page","link":"https:\/\/www.fhusa-tsa.com\/it\/brochas\/","title":{"rendered":"Utensili per Brocciatura"},"content":{"rendered":"[vc_row el_class=&#8221;row-menu-border&#8221;][vc_column el_class=&#8221;row-menu&#8221;][vc_raw_html css=&#8221;.vc_custom_1624435900358{margin-top: 0px !important;margin-right: 0px !important;margin-bottom: 0px !important;margin-left: 0px !important;border-top-width: 0px !important;border-right-width: 0px !important;border-bottom-width: 0px !important;border-left-width: 0px !important;padding-top: 0px !important;padding-right: 0px !important;padding-bottom: 0px !important;padding-left: 0px !important;}&#8221;]JTNDYnV0dG9uJTIwY2xhc3MlM0QlMjJhY2NvcmRpb24lMjIlM0VOdWVzdHJvcyUyMFByb2R1Y3RvcyUzQyUyRmJ1dHRvbiUzRSUwQSUzQ2RpdiUyMGNsYXNzJTNEJTIycGFuZWwlMjIlM0UlMEElM0N1bCUyMGlkJTNEJTIybWVudS1wcm9kdWN0b3MlMjIlMjBjbGFzcyUzRCUyMmludGVuc2UlMjBtZW51JTIwaG9yaXpvbnRhbCUyMHNmLW1lbnUlMjIlM0UlMEElM0NsaSUyMGlkJTNEJTIybWVudS1pdGVtLTEwODM4JTIyJTIwY2xhc3MlM0QlMjJlbGVtZW50b3MtbWVudS1wcm9kdWN0b3MlMjBtZW51LWl0ZW0tMTA4MzglMjIlM0UlM0NhJTIwaHJlZiUzRCUyMmh0dHBzJTNBJTJGJTJGd3d3LmZodXNhLXRzYS5jb20lMkZpdCUyRmNvcnRhZG9yZXMlMkYlMjIlM0VDT0xURUxMSSUyMFNUT1paQVRPUkklM0MlMkZhJTNFJTNDJTJGbGklM0UlMEElM0NsaSUyMGlkJTNEJTIybWVudS1pdGVtLTEwODM2JTIyJTIwY2xhc3MlM0QlMjJlbGVtZW50b3MtbWVudS1wcm9kdWN0b3MlMjBtZW51LWl0ZW0tMTA4MzYlMjIlM0UlM0NhJTIwaHJlZiUzRCUyMmh0dHBzJTNBJTJGJTJGd3d3LmZodXNhLXRzYS5jb20lMkZpdCUyRmZyZXNhLW1hZHJlJTJGJTIyJTNFQ1JFQVRPUkklMjBFJTIwRlJFU0UlM0MlMkZhJTNFJTNDJTJGbGklM0UlMEElM0NsaSUyMGlkJTNEJTIybWVudS1pdGVtLTEwODMxJTIyJTIwY2xhc3MlM0QlMjJlbGVtZW50b3MtbWVudS1wcm9kdWN0b3MlMjBtZW51LWl0ZW0tMTA4MzElMjBhY3RpdmUlMjIlM0UlM0NhJTIwaHJlZiUzRCUyMmh0dHBzJTNBJTJGJTJGd3d3LmZodXNhLXRzYS5jb20lMkZpdCUyRmJyb2NoYXMlMkYlMjIlMjBhcmlhLWN1cnJlbnQlM0QlMjJwYWdlJTIyJTNFVVRFTlNJTEklMjBQRVIlMjBCUk9DQ0lBVFVSQSUzQyUyRmElM0UlM0MlMkZsaSUzRSUwQSUzQ2xpJTIwaWQlM0QlMjJtZW51LWl0ZW0tMTA4MzIlMjIlMjBjbGFzcyUzRCUyMmVsZW1lbnRvcy1tZW51LXByb2R1Y3RvcyUyMG1lbnUtaXRlbS0xMDgzMiUyMiUzRSUzQ2ElMjBocmVmJTNEJTIyaHR0cHMlM0ElMkYlMkZ3d3cuZmh1c2EtdHNhLmNvbSUyRml0JTJGc2tpdmluZyUyRiUyMiUzRVNLSVZJTkclM0MlMkZhJTNFJTNDJTJGbGklM0UlMEElM0NsaSUyMGlkJTNEJTIybWVudS1pdGVtLTEwODM3JTIyJTIwY2xhc3MlM0QlMjJlbGVtZW50b3MtbWVudS1wcm9kdWN0b3MlMjBtZW51LWl0ZW0tMTA4MzclMjIlM0UlM0NhJTIwaHJlZiUzRCUyMmh0dHBzJTNBJTJGJTJGd3d3LmZodXNhLXRzYS5jb20lMkZpdCUyRmFmZWl0YWRvcmVzJTJGJTIyJTNFUkFTQVRPUkklMkZTQkFSQkFUT1JJJTNDJTJGYSUzRSUzQyUyRmxpJTNFJTBBJTNDbGklMjBpZCUzRCUyMm1lbnUtaXRlbS0xMDgzMyUyMiUyMGNsYXNzJTNEJTIyZWxlbWVudG9zLW1lbnUtcHJvZHVjdG9zJTIwbWVudS1pdGVtLTEwODMzJTIyJTNFJTNDYSUyMGhyZWYlM0QlMjJodHRwcyUzQSUyRiUyRnd3dy5maHVzYS10c2EuY29tJTJGaXQlMkZjaGFmbGFuYWRvcmVzJTJGJTIyJTNFU01VU1NBVE9SSSUzQyUyRmElM0UlM0MlMkZsaSUzRSUwQSUzQ2xpJTIwaWQlM0QlMjJtZW51LWl0ZW0tMTA4MzUlMjIlMjBjbGFzcyUzRCUyMmVsZW1lbnRvcy1tZW51LXByb2R1Y3RvcyUyMG1lbnUtaXRlbS0xMDgzNSUyMiUzRSUzQ2ElMjBocmVmJTNEJTIyaHR0cHMlM0ElMkYlMkZ3d3cuZmh1c2EtdHNhLmNvbSUyRml0JTJGbW9sZXRhcyUyRiUyMiUzRVJVTExJJTIwUklDQUxDQVRPUkklM0MlMkZhJTNFJTNDJTJGbGklM0UlMEElM0NsaSUyMGlkJTNEJTIybWVudS1pdGVtLTEwODM0JTIyJTIwY2xhc3MlM0QlMjJlbGVtZW50b3MtbWVudS1wcm9kdWN0b3MlMjBtZW51LWl0ZW0tMTA4MzQlMjIlM0UlM0NhJTIwaHJlZiUzRCUyMmh0dHBzJTNBJTJGJTJGd3d3LmZodXNhLXRzYS5jb20lMkZpdCUyRmVuZ3JhbmFqZS1wYXRyb24lMkYlMjIlM0VJTkdSQU5BR0dJJTIwTUFTVEVSJTNDJTJGYSUzRSUzQyUyRmxpJTNFJTBBJTNDJTJGdWwlM0UlMEElM0MlMkZkaXYlM0U=[\/vc_raw_html][\/vc_column][\/vc_row][vc_row][vc_column]<section id=\"content-section-1444844517\" class=\"intense content-section \"2 style=\"  margin-bottom: 0; margin-top: 0; margin-left: 0; margin-right: 0;  padding-top: 0; padding-bottom:25px; padding-left: 0; padding-right:0; \"><div class=\"intense container  \">[vc_column_text]\n<h1><strong>Utensili per Brocciatura<\/strong><\/h1>\n<p>Le prime esperienze della <strong>FHUSA-TSA<\/strong> furono la fabbricazione di brocce ad anelli POT per dentature esterne cieche e di brocce piatte per cave. Oggigiorno, l\u2019attivit\u00e0 principale \u00e8 invece per la brocciatura di scanalati interni (spesso complementare all\u2019uso del coltello stozzatore). <strong>In ogni modo svolgiamo progetti di natura molto diversa sia per quanto riguarda i profili che le geometrie o i materiali.<\/strong><\/p>\n<p><strong>Brocce cilindriche<\/strong><\/p>\n<p>Le brocce tonde sono una delle <strong>soluzioni pi\u00f9 precise e produttive<\/strong> per gli scanalati interni di qualsiasi forma. Gli ultimi denti dell\u2019utensile (anelli finitori) sono il negativo del profilo desiderato, mentre i primi sgrossano progressivamente a partire da un pre-foro passante. In casi complessi, sono necessarie una o pi\u00f9 passate con brocce sgrossatrici prima di ottenere il profilo finale. Si possono usare boccole integrali per la brocciatura dura, <strong>cio\u00e8 la lavorazione di ripresa di pezzi temprati per ottenere una maggiore precisione<\/strong>.<\/p>\n<p>Se il pre-foro coincide con il diametro minore dello scanalato, la broccia pu\u00f2 eseguire uno smusso ma non tocca la testa del dente. Se invece il foro ha una misura inferiore, la broccia eseguir\u00e0 tutto il profilo e calibrer\u00e0 il diametro minore mediante denti rotondi, <strong>assicurando la concentricit\u00e0.<\/strong><\/p>\n<p>Le brocce per scanalati diritti sono normalmente di affilatura diritta. Ci\u00f2 nonostante, utilizzando una affilatura elicoidale si <strong>ottiene un taglio pi\u00f9 uniforme e stabile.<\/strong> Finalmente, la brocciatura di scanalati elicoidali (a spirale) <strong>permette esclusivamente l\u2019affilatura elicoidale.<\/strong>[\/vc_column_text]<\/div><\/section>[vc_row_inner el_class=&#8221;intense container&#8221;][vc_column_inner width=&#8221;1\/4&#8243;][vc_single_image image=&#8221;4308&#8243; img_size=&#8221;full&#8221; onclick=&#8221;zoom&#8221;][\/vc_column_inner][vc_column_inner width=&#8221;3\/4&#8243;][vc_column_text]\n<table class=\"tg\">\n<tbody>\n<tr>\n<td class=\"tg-k61v\">Applicazioni e tipologie<\/td>\n<td class=\"tg-buig\">Serie lunghe; dentatura interna passante o esterna cieca diritta\/elicoidale; profili piatti speciali; spacchi e cave; lavorazioni varie di forma tanto in tenero come in duro<\/td>\n<\/tr>\n<tr>\n<td class=\"tg-tklq\">Moduli (DP)<\/td>\n<td class=\"tg-ebjx\">Modulo normale da 0.5 a 12 (Diametral Pitch da DP48 a DP2)<\/td>\n<\/tr>\n<tr>\n<td class=\"tg-0795\">Profili ottenibili<\/td>\n<td class=\"tg-buig\">Scanalati evolvente o non, altri profili dentati; forme interne (circoli, cave, poligoni e combinazioni dei precedenti); altre forme con spoglia sufficiente<\/td>\n<\/tr>\n<tr>\n<td class=\"tg-tklq\">Tipi di broccia<\/td>\n<td class=\"tg-ebjx\">Integrale monoblock, assemblata, con inserti e combinazioni; con manicotto finitore amovibile; cilindriche diritte\/elicoidali, piatte e cieche<\/td>\n<\/tr>\n<tr>\n<td class=\"tg-0795\">Dimensioni<\/td>\n<td class=\"tg-buig\">Lunghezza massima 2700mm, massimo diametro esterno 300mm<\/td>\n<\/tr>\n<tr>\n<td class=\"tg-tklq\">Materiali<\/td>\n<td class=\"tg-ebjx\">Acciaio rapido (HSS M2 e M35), acciaio super-rapido (PM HSS), metallo duro<\/td>\n<\/tr>\n<tr>\n<td class=\"tg-0795\">Rivestimenti<\/td>\n<td class=\"tg-buig\">Tutti i comuni rivestimenti PVD: TiN e Alcrona \u00ae<\/td>\n<\/tr>\n<tr>\n<td class=\"tg-tklq\">Fissaggio<\/td>\n<td class=\"tg-ebjx\">Su misura o DIN 1415\/1417; trazione forme A\/B\/J\/K\/N\/R; ritrazione forme C\/D\/L\/M\/F\/S<\/td>\n<\/tr>\n<\/tbody>\n<\/table>\n[\/vc_column_text][vc_btn title=&#8221;Pi\u00f9 informazione&#8221; style=&#8221;flat&#8221; shape=&#8221;round&#8221; color=&#8221;warning&#8221; align=&#8221;left&#8221; link=&#8221;url:https%3A%2F%2Fwww.fhusa-tsa.com%2Fit%2Fcontatto|title:Contatto||&#8221; el_class=&#8221;color-azul&#8221;][\/vc_column_inner][\/vc_row_inner][\/vc_column][\/vc_row]\n","protected":false},"excerpt":{"rendered":"<p>[vc_row el_class=&#8221;row-menu-border&#8221;][vc_column el_class=&#8221;row-menu&#8221;][vc_raw_html css=&#8221;.vc_custom_1624435900358{margin-top: 0px !important;margin-right: 0px !important;margin-bottom: 0px !important;margin-left: 0px !important;border-top-width: 0px !important;border-right-width: 0px !important;border-bottom-width: 0px !important;border-left-width: 0px !important;padding-top: 0px !important;padding-right: 0px !important;padding-bottom: 0px !important;padding-left: 0px !important;}&#8221;]JTNDYnV0dG9uJTIwY2xhc3MlM0QlMjJhY2NvcmRpb24lMjIlM0VOdWVzdHJvcyUyMFByb2R1Y3RvcyUzQyUyRmJ1dHRvbiUzRSUwQSUzQ2RpdiUyMGNsYXNzJTNEJTIycGFuZWwlMjIlM0UlMEElM0N1bCUyMGlkJTNEJTIybWVudS1wcm9kdWN0b3MlMjIlMjBjbGFzcyUzRCUyMmludGVuc2UlMjBtZW51JTIwaG9yaXpvbnRhbCUyMHNmLW1lbnUlMjIlM0UlMEElM0NsaSUyMGlkJTNEJTIybWVudS1pdGVtLTEwODM4JTIyJTIwY2xhc3MlM0QlMjJlbGVtZW50b3MtbWVudS1wcm9kdWN0b3MlMjBtZW51LWl0ZW0tMTA4MzglMjIlM0UlM0NhJTIwaHJlZiUzRCUyMmh0dHBzJTNBJTJGJTJGd3d3LmZodXNhLXRzYS5jb20lMkZpdCUyRmNvcnRhZG9yZXMlMkYlMjIlM0VDT0xURUxMSSUyMFNUT1paQVRPUkklM0MlMkZhJTNFJTNDJTJGbGklM0UlMEElM0NsaSUyMGlkJTNEJTIybWVudS1pdGVtLTEwODM2JTIyJTIwY2xhc3MlM0QlMjJlbGVtZW50b3MtbWVudS1wcm9kdWN0b3MlMjBtZW51LWl0ZW0tMTA4MzYlMjIlM0UlM0NhJTIwaHJlZiUzRCUyMmh0dHBzJTNBJTJGJTJGd3d3LmZodXNhLXRzYS5jb20lMkZpdCUyRmZyZXNhLW1hZHJlJTJGJTIyJTNFQ1JFQVRPUkklMjBFJTIwRlJFU0UlM0MlMkZhJTNFJTNDJTJGbGklM0UlMEElM0NsaSUyMGlkJTNEJTIybWVudS1pdGVtLTEwODMxJTIyJTIwY2xhc3MlM0QlMjJlbGVtZW50b3MtbWVudS1wcm9kdWN0b3MlMjBtZW51LWl0ZW0tMTA4MzElMjBhY3RpdmUlMjIlM0UlM0NhJTIwaHJlZiUzRCUyMmh0dHBzJTNBJTJGJTJGd3d3LmZodXNhLXRzYS5jb20lMkZpdCUyRmJyb2NoYXMlMkYlMjIlMjBhcmlhLWN1cnJlbnQlM0QlMjJwYWdlJTIyJTNFVVRFTlNJTEklMjBQRVIlMjBCUk9DQ0lBVFVSQSUzQyUyRmElM0UlM0MlMkZsaSUzRSUwQSUzQ2xpJTIwaWQlM0QlMjJtZW51LWl0ZW0tMTA4MzIlMjIlMjBjbGFzcyUzRCUyMmVsZW1lbnRvcy1tZW51LXByb2R1Y3RvcyUyMG1lbnUtaXRlbS0xMDgzMiUyMiUzRSUzQ2ElMjBocmVmJTNEJTIyaHR0cHMlM0ElMkYlMkZ3d3cuZmh1c2EtdHNhLmNvbSUyRml0JTJGc2tpdmluZyUyRiUyMiUzRVNLSVZJTkclM0MlMkZhJTNFJTNDJTJGbGklM0UlMEElM0NsaSUyMGlkJTNEJTIybWVudS1pdGVtLTEwODM3JTIyJTIwY2xhc3MlM0QlMjJlbGVtZW50b3MtbWVudS1wcm9kdWN0b3MlMjBtZW51LWl0ZW0tMTA4MzclMjIlM0UlM0NhJTIwaHJlZiUzRCUyMmh0dHBzJTNBJTJGJTJGd3d3LmZodXNhLXRzYS5jb20lMkZpdCUyRmFmZWl0YWRvcmVzJTJGJTIyJTNFUkFTQVRPUkklMkZTQkFSQkFUT1JJJTNDJTJGYSUzRSUzQyUyRmxpJTNFJTBBJTNDbGklMjBpZCUzRCUyMm1lbnUtaXRlbS0xMDgzMyUyMiUyMGNsYXNzJTNEJTIyZWxlbWVudG9zLW1lbnUtcHJvZHVjdG9zJTIwbWVudS1pdGVtLTEwODMzJTIyJTNFJTNDYSUyMGhyZWYlM0QlMjJodHRwcyUzQSUyRiUyRnd3dy5maHVzYS10c2EuY29tJTJGaXQlMkZjaGFmbGFuYWRvcmVzJTJGJTIyJTNFU01VU1NBVE9SSSUzQyUyRmElM0UlM0MlMkZsaSUzRSUwQSUzQ2xpJTIwaWQlM0QlMjJtZW51LWl0ZW0tMTA4MzUlMjIlMjBjbGFzcyUzRCUyMmVsZW1lbnRvcy1tZW51LXByb2R1Y3RvcyUyMG1lbnUtaXRlbS0xMDgzNSUyMiUzRSUzQ2ElMjBocmVmJTNEJTIyaHR0cHMlM0ElMkYlMkZ3d3cuZmh1c2EtdHNhLmNvbSUyRml0JTJGbW9sZXRhcyUyRiUyMiUzRVJVTExJJTIwUklDQUxDQVRPUkklM0MlMkZhJTNFJTNDJTJGbGklM0UlMEElM0NsaSUyMGlkJTNEJTIybWVudS1pdGVtLTEwODM0JTIyJTIwY2xhc3MlM0QlMjJlbGVtZW50b3MtbWVudS1wcm9kdWN0b3MlMjBtZW51LWl0ZW0tMTA4MzQlMjIlM0UlM0NhJTIwaHJlZiUzRCUyMmh0dHBzJTNBJTJGJTJGd3d3LmZodXNhLXRzYS5jb20lMkZpdCUyRmVuZ3JhbmFqZS1wYXRyb24lMkYlMjIlM0VJTkdSQU5BR0dJJTIwTUFTVEVSJTNDJTJGYSUzRSUzQyUyRmxpJTNFJTBBJTNDJTJGdWwlM0UlMEElM0MlMkZkaXYlM0U=[\/vc_raw_html][\/vc_column][\/vc_row][vc_row][vc_column][vc_row_inner el_class=&#8221;intense container&#8221;][vc_column_inner width=&#8221;1\/4&#8243;][vc_single_image image=&#8221;4308&#8243; img_size=&#8221;full&#8221; onclick=&#8221;zoom&#8221;][\/vc_column_inner][vc_column_inner width=&#8221;3\/4&#8243;][vc_column_text] Applicazioni e tipologie Serie lunghe; dentatura interna passante o esterna cieca diritta\/elicoidale; profili piatti speciali; spacchi e cave; lavorazioni varie [&hellip;]<\/p>\n","protected":false},"author":3,"featured_media":0,"parent":0,"menu_order":0,"comment_status":"open","ping_status":"open","template":"full-width.php","meta":[],"yoast_head":"<!-- This site is optimized with the Yoast SEO plugin v16.4 - https:\/\/yoast.com\/wordpress\/plugins\/seo\/ -->\n<title>Proveedores de Utensili per Brocciatura para engranajes - FHUSA-TSA<\/title>\n<meta name=\"description\" content=\"En FHUSA TSA disponemos de maquinaria para brochar distintos tipos de engranajes con una l\u00ednea de brochas de brochado interno y externo.\" \/>\n<meta name=\"robots\" content=\"index, follow, max-snippet:-1, max-image-preview:large, max-video-preview:-1\" \/>\n<link rel=\"canonical\" href=\"https:\/\/www.fhusa-tsa.com\/it\/brochas\/\" \/>\n<meta property=\"og:locale\" content=\"it_IT\" \/>\n<meta property=\"og:type\" content=\"article\" \/>\n<meta property=\"og:title\" content=\"Proveedores de Utensili per Brocciatura para engranajes - FHUSA-TSA\" \/>\n<meta property=\"og:description\" content=\"En FHUSA TSA disponemos de maquinaria para brochar distintos tipos de engranajes con una l\u00ednea de brochas de brochado interno y externo.\" \/>\n<meta property=\"og:url\" content=\"https:\/\/www.fhusa-tsa.com\/it\/brochas\/\" \/>\n<meta property=\"og:site_name\" content=\"FHUSA-TSA\" \/>\n<meta property=\"article:modified_time\" content=\"2021-11-16T15:23:28+00:00\" \/>\n<meta name=\"twitter:card\" content=\"summary\" \/>\n<meta name=\"twitter:label1\" content=\"Est. reading time\" \/>\n\t<meta name=\"twitter:data1\" content=\"2 minuti\" \/>\n<script type=\"application\/ld+json\" class=\"yoast-schema-graph\">{\"@context\":\"https:\/\/schema.org\",\"@graph\":[{\"@type\":\"WebSite\",\"@id\":\"https:\/\/www.fhusa-tsa.com\/#website\",\"url\":\"https:\/\/www.fhusa-tsa.com\/\",\"name\":\"FHUSA-TSA\",\"description\":\"Fabricante Herramientas Precisi\\u00f3n para Engranajes, Skiving, Fresas Madre, Cortadores\",\"potentialAction\":[{\"@type\":\"SearchAction\",\"target\":\"https:\/\/www.fhusa-tsa.com\/?s={search_term_string}\",\"query-input\":\"required name=search_term_string\"}],\"inLanguage\":\"it-IT\"},{\"@type\":\"WebPage\",\"@id\":\"https:\/\/www.fhusa-tsa.com\/it\/brochas\/#webpage\",\"url\":\"https:\/\/www.fhusa-tsa.com\/it\/brochas\/\",\"name\":\"Proveedores de Utensili per Brocciatura para engranajes - FHUSA-TSA\",\"isPartOf\":{\"@id\":\"https:\/\/www.fhusa-tsa.com\/#website\"},\"datePublished\":\"2021-05-11T09:56:37+00:00\",\"dateModified\":\"2021-11-16T15:23:28+00:00\",\"description\":\"En FHUSA TSA disponemos de maquinaria para brochar distintos tipos de engranajes con una l\\u00ednea de brochas de brochado interno y externo.\",\"breadcrumb\":{\"@id\":\"https:\/\/www.fhusa-tsa.com\/it\/brochas\/#breadcrumb\"},\"inLanguage\":\"it-IT\",\"potentialAction\":[{\"@type\":\"ReadAction\",\"target\":[\"https:\/\/www.fhusa-tsa.com\/it\/brochas\/\"]}]},{\"@type\":\"BreadcrumbList\",\"@id\":\"https:\/\/www.fhusa-tsa.com\/it\/brochas\/#breadcrumb\",\"itemListElement\":[{\"@type\":\"ListItem\",\"position\":1,\"item\":{\"@type\":\"WebPage\",\"@id\":\"https:\/\/www.fhusa-tsa.com\/it\/\",\"url\":\"https:\/\/www.fhusa-tsa.com\/it\/\",\"name\":\"Portada\"}},{\"@type\":\"ListItem\",\"position\":2,\"item\":{\"@id\":\"https:\/\/www.fhusa-tsa.com\/it\/brochas\/#webpage\"}}]}]}<\/script>\n<!-- \/ Yoast SEO plugin. -->","_links":{"self":[{"href":"https:\/\/www.fhusa-tsa.com\/it\/wp-json\/wp\/v2\/pages\/11639"}],"collection":[{"href":"https:\/\/www.fhusa-tsa.com\/it\/wp-json\/wp\/v2\/pages"}],"about":[{"href":"https:\/\/www.fhusa-tsa.com\/it\/wp-json\/wp\/v2\/types\/page"}],"author":[{"embeddable":true,"href":"https:\/\/www.fhusa-tsa.com\/it\/wp-json\/wp\/v2\/users\/3"}],"replies":[{"embeddable":true,"href":"https:\/\/www.fhusa-tsa.com\/it\/wp-json\/wp\/v2\/comments?post=11639"}],"version-history":[{"count":11,"href":"https:\/\/www.fhusa-tsa.com\/it\/wp-json\/wp\/v2\/pages\/11639\/revisions"}],"predecessor-version":[{"id":12343,"href":"https:\/\/www.fhusa-tsa.com\/it\/wp-json\/wp\/v2\/pages\/11639\/revisions\/12343"}],"wp:attachment":[{"href":"https:\/\/www.fhusa-tsa.com\/it\/wp-json\/wp\/v2\/media?parent=11639"}],"curies":[{"name":"wp","href":"https:\/\/api.w.org\/{rel}","templated":true}]}}