{"id":11654,"date":"2021-05-11T11:32:12","date_gmt":"2021-05-11T09:32:12","guid":{"rendered":"https:\/\/www.fhusa-tsa.com\/?page_id=11654"},"modified":"2021-11-24T09:15:45","modified_gmt":"2021-11-24T07:15:45","slug":"fresa-madre","status":"publish","type":"page","link":"https:\/\/www.fhusa-tsa.com\/it\/fresa-madre\/","title":{"rendered":"Creatori e Frese"},"content":{"rendered":"[vc_row el_class=&#8221;row-menu-border&#8221;][vc_column el_class=&#8221;row-menu&#8221;][vc_raw_html css=&#8221;.vc_custom_1624435788203{margin-top: 0px !important;margin-right: 0px !important;margin-bottom: 0px !important;margin-left: 0px !important;border-top-width: 0px !important;border-right-width: 0px !important;border-bottom-width: 0px !important;border-left-width: 0px !important;padding-top: 0px !important;padding-right: 0px !important;padding-bottom: 0px !important;padding-left: 0px !important;}&#8221;]JTNDYnV0dG9uJTIwY2xhc3MlM0QlMjJhY2NvcmRpb24lMjIlM0VOdWVzdHJvcyUyMFByb2R1Y3RvcyUzQyUyRmJ1dHRvbiUzRSUwQSUzQ2RpdiUyMGNsYXNzJTNEJTIycGFuZWwlMjIlM0UlMEElM0N1bCUyMGlkJTNEJTIybWVudS1wcm9kdWN0b3MlMjIlMjBjbGFzcyUzRCUyMmludGVuc2UlMjBtZW51JTIwaG9yaXpvbnRhbCUyMHNmLW1lbnUlMjIlM0UlMEElM0NsaSUyMGlkJTNEJTIybWVudS1pdGVtLTEwODM4JTIyJTIwY2xhc3MlM0QlMjJlbGVtZW50b3MtbWVudS1wcm9kdWN0b3MlMjBtZW51LWl0ZW0tMTA4MzglMjIlM0UlM0NhJTIwaHJlZiUzRCUyMmh0dHBzJTNBJTJGJTJGd3d3LmZodXNhLXRzYS5jb20lMkZpdCUyRmNvcnRhZG9yZXMlMkYlMjIlM0VDT0xURUxMSSUyMFNUT1paQVRPUkklM0MlMkZhJTNFJTNDJTJGbGklM0UlMEElM0NsaSUyMGlkJTNEJTIybWVudS1pdGVtLTEwODM2JTIyJTIwY2xhc3MlM0QlMjJlbGVtZW50b3MtbWVudS1wcm9kdWN0b3MlMjBtZW51LWl0ZW0tMTA4MzYlMjBhY3RpdmUlMjIlM0UlM0NhJTIwaHJlZiUzRCUyMmh0dHBzJTNBJTJGJTJGd3d3LmZodXNhLXRzYS5jb20lMkZpdCUyRmZyZXNhLW1hZHJlJTJGJTIyJTIwYXJpYS1jdXJyZW50JTNEJTIycGFnZSUyMiUzRUNSRUFUT1JJJTIwRSUyMEZSRVNFJTNDJTJGYSUzRSUzQyUyRmxpJTNFJTBBJTNDbGklMjBpZCUzRCUyMm1lbnUtaXRlbS0xMDgzMSUyMiUyMGNsYXNzJTNEJTIyZWxlbWVudG9zLW1lbnUtcHJvZHVjdG9zJTIwbWVudS1pdGVtLTEwODMxJTIyJTNFJTNDYSUyMGhyZWYlM0QlMjJodHRwcyUzQSUyRiUyRnd3dy5maHVzYS10c2EuY29tJTJGaXQlMkZicm9jaGFzJTJGJTIyJTNFVVRFTlNJTEklMjBQRVIlMjBCUk9DQ0lBVFVSQSUzQyUyRmElM0UlM0MlMkZsaSUzRSUwQSUzQ2xpJTIwaWQlM0QlMjJtZW51LWl0ZW0tMTA4MzIlMjIlMjBjbGFzcyUzRCUyMmVsZW1lbnRvcy1tZW51LXByb2R1Y3RvcyUyMG1lbnUtaXRlbS0xMDgzMiUyMiUzRSUzQ2ElMjBocmVmJTNEJTIyaHR0cHMlM0ElMkYlMkZ3d3cuZmh1c2EtdHNhLmNvbSUyRml0JTJGc2tpdmluZyUyRiUyMiUzRVNLSVZJTkclM0MlMkZhJTNFJTNDJTJGbGklM0UlMEElM0NsaSUyMGlkJTNEJTIybWVudS1pdGVtLTEwODM3JTIyJTIwY2xhc3MlM0QlMjJlbGVtZW50b3MtbWVudS1wcm9kdWN0b3MlMjBtZW51LWl0ZW0tMTA4MzclMjIlM0UlM0NhJTIwaHJlZiUzRCUyMmh0dHBzJTNBJTJGJTJGd3d3LmZodXNhLXRzYS5jb20lMkZpdCUyRmFmZWl0YWRvcmVzJTJGJTIyJTNFUkFTQVRPUkklMkZTQkFSQkFUT1JJJTNDJTJGYSUzRSUzQyUyRmxpJTNFJTBBJTNDbGklMjBpZCUzRCUyMm1lbnUtaXRlbS0xMDgzMyUyMiUyMGNsYXNzJTNEJTIyZWxlbWVudG9zLW1lbnUtcHJvZHVjdG9zJTIwbWVudS1pdGVtLTEwODMzJTIyJTNFJTNDYSUyMGhyZWYlM0QlMjJodHRwcyUzQSUyRiUyRnd3dy5maHVzYS10c2EuY29tJTJGaXQlMkZjaGFmbGFuYWRvcmVzJTJGJTIyJTNFU01VU1NBVE9SSSUzQyUyRmElM0UlM0MlMkZsaSUzRSUwQSUzQ2xpJTIwaWQlM0QlMjJtZW51LWl0ZW0tMTA4MzUlMjIlMjBjbGFzcyUzRCUyMmVsZW1lbnRvcy1tZW51LXByb2R1Y3RvcyUyMG1lbnUtaXRlbS0xMDgzNSUyMiUzRSUzQ2ElMjBocmVmJTNEJTIyaHR0cHMlM0ElMkYlMkZ3d3cuZmh1c2EtdHNhLmNvbSUyRml0JTJGbW9sZXRhcyUyRiUyMiUzRVJVTExJJTIwUklDQUxDQVRPUkklM0MlMkZhJTNFJTNDJTJGbGklM0UlMEElM0NsaSUyMGlkJTNEJTIybWVudS1pdGVtLTEwODM0JTIyJTIwY2xhc3MlM0QlMjJlbGVtZW50b3MtbWVudS1wcm9kdWN0b3MlMjBtZW51LWl0ZW0tMTA4MzQlMjIlM0UlM0NhJTIwaHJlZiUzRCUyMmh0dHBzJTNBJTJGJTJGd3d3LmZodXNhLXRzYS5jb20lMkZpdCUyRmVuZ3JhbmFqZS1wYXRyb24lMkYlMjIlM0VJTkdSQU5BR0dJJTIwTUFTVEVSJTNDJTJGYSUzRSUzQyUyRmxpJTNFJTBBJTNDJTJGdWwlM0UlMEElM0MlMkZkaXYlM0UlMEElMEE=[\/vc_raw_html][\/vc_column][\/vc_row][vc_row][vc_column]<section id=\"content-section-825521903\" class=\"intense content-section \"2 style=\"  margin-bottom: 0; margin-top: 0; margin-left: 0; margin-right: 0;  padding-top: 0; padding-bottom:25px; padding-left: 0; padding-right:0; \"><div class=\"intense container  \">[vc_column_text]\n<h1><strong>Creatori e frese<\/strong><\/h1>\n[\/vc_column_text]<div class=\"intense tabbable preload effeckt-tabs-wrap \" data-speed=\"3000\" data-reset=\"1\" data-loop=\"1\" data-effeckt-type=\"fade\" style=\" width: 100%;\"><style><\/style><ul id=\"tab_1119199887\" class=\"intense nav nav-tabs effeckt-tabs \" ><li class=\"\"><a href=\"#1640201956_0\" class=\"effeckt-tab\" target=\"_self\"  data-trigger=\"click\" style=\" border-color:#e8e8e8; border-style:solid; border-top-width:3px !important;\"><h4 style=\"\"> Creatori<\/h4><\/a><\/li><li class=\"\"><a href=\"#1640201956_1\" class=\"effeckt-tab\" target=\"_self\"  data-trigger=\"click\" style=\" border-color:#e8e8e8; border-style:solid; border-top-width:3px !important; background-color: e8e8e8;\"><h4 style=\"\"> Frese<\/h4><\/a><\/li><\/ul><div class=\"intense tab-content effeckt-tabs-container\" style=\"background-color: transparent;\"><div class=\"intense tab-pane effeckt-tab-content \" id=\"1640201956_0\" style=\"visibility: hidden; background-color: #ffffff !important;\">[vc_column_text]I creatori <strong>FHUSA-TSA sono fabbricati con macchine CNC multiasse con le pi\u00f9 recenti innovazioni tecnologiche nel processo di rettifica di profilo<\/strong>. Utilizziamo i <strong>migliori acciai di metallurgia delle polveri (PM HSS)<\/strong> trattati termicamente sotto vuoto, con <strong>controllo assoluto del processo<\/strong>. Tutto ci\u00f2, insieme alla cura prestata alla <strong>rugosit\u00e0 dei profili e al raggio dello spigolo di taglio<\/strong>, ci permette di garantire che il <strong>rendimento dei nostri creatori sia eccellente durante tutta la loro vita<\/strong>.<\/p>\n<p><strong>Servizio tecnico: fabbricare fresepertre generazioni <\/strong><\/p>\n<p>La marca<strong> FHUSA<\/strong> nacque nel 1944 e <strong>accumula un\u2019esperienza in creatori<\/strong> della quale poche aziende possono vantarsi. Lavorare con <strong>FHUSA-TSA non vuol dire semplicemente avere un fornitore<\/strong>, senonch\u00e9 <strong>un socio per trovare delle soluzioni<\/strong>. La consulenza appare gi\u00e0 in fase d\u2019offerta, <strong>sempre molto dettagliata<\/strong> e con diverse alternative, e continua-in caso di ordine- con un <strong>progetto su misura<\/strong>.<\/p>\n<p>Tutti i disegni di creatori <strong>FHUSA-TSA<\/strong> presentano una <strong>simulazione del profilo ottenuto nel particolare finito<\/strong>. Se la dentatura precede un\u2019altra operazione (rettifica, rasatura, skiving&#8230;), si mostrano sia il profilo di sgrossatura che quello finito. Senza avere conoscenze specifiche sugli utensili,<strong> il cliente pu\u00f2 valutare il risultato ottenuto e dare il suo benestare o proporre delle modifiche.<\/strong><\/p>\n<p><strong>FHUSA-TSA accompagna il cliente<\/strong> anche nello studio dei parametri di taglio e le condizioni di lavoro. <strong>Ci adattiamo alle priorit\u00e0 del cliente<\/strong>, che possono essere le prestazioni, la qualit\u00e0, la durata, il prezzo, la consegna o qualsiasi loro combinazione.<\/p>\n<p>Finalmente, <strong>assistiamo il cliente per la manutenzione dei suoi utensili<\/strong> (affilatura, rivestimento, riparazione e modifica) e la soluzione di eventuali problemi tecnici.[\/vc_column_text][vc_row_inner][vc_column_inner width=&#8221;1\/4&#8243;][vc_single_image image=&#8221;10726&#8243; img_size=&#8221;full&#8221; onclick=&#8221;zoom&#8221;][vc_single_image image=&#8221;3130&#8243; img_size=&#8221;full&#8221; onclick=&#8221;zoom&#8221;][\/vc_column_inner][vc_column_inner width=&#8221;3\/4&#8243;][vc_column_text]\n<table class=\"tg\">\n<tbody>\n<tr>\n<td class=\"tg-k61v\">Applicazioni e tipologie<\/td>\n<td class=\"tg-buig\">Dentatura di trasmissioni esterne cilindriche diritte\/elicoidali, pompe a ingranaggi, rullini, rotori; seghe a disco, cricchetti, ecc.; dentatura con avanz. radiale o tangenziale<\/td>\n<\/tr>\n<tr>\n<td class=\"tg-tklq\">Moduli (DP)<\/td>\n<td class=\"tg-ebjx\">Modulo normale da 0.3 a 40 (Diametral Pitch da DP84 a DP.625)<\/td>\n<\/tr>\n<tr>\n<td class=\"tg-0795\">Profili ottenibili<\/td>\n<td class=\"tg-buig\">Evolvente, fianchi diritti, fianchi paralleli e non-evolvente (catene, pulegge, cricchetti ed altri accoppiamenti o trasmissioni dentate); altri profili esterni assimilabili a una dentatura<\/td>\n<\/tr>\n<tr>\n<td class=\"tg-tklq\">Correzioni di profilo<\/td>\n<td class=\"tg-ebjx\">Semitopping, topping, raggio pieno, protuberanza, cornini; correzioni di evolvente (tip rilief, bombatura, profilo K, ecc.); fondo scaricato salva-spallamento, rompitruciolo; *vedi tabella sotto<\/td>\n<\/tr>\n<tr>\n<td class=\"tg-0795\">Geometrie di creatori<\/td>\n<td class=\"tg-buig\">Integrale monoblock; cilindrico, conico e cilindrico con imbocco conico; un principio, vari principi e con principi a passo variabile; tandem doppi o tripli; massimo diametro est. 450mm<\/td>\n<\/tr>\n<tr>\n<td class=\"tg-tklq\">Taglienti e affilatura<\/td>\n<td class=\"tg-ebjx\">DIN 8002, multitagliente e doppio tagliente; affilatura diritta\/elicoidale; spoglia frontale zero\/positiva; disposizione allineata (abituale)\/giustapposta; trattamento del tagliente<\/td>\n<\/tr>\n<tr>\n<td class=\"tg-0795\">Materiali<\/td>\n<td class=\"tg-buig\">Acciaio rapido (HSS M35), acciaio super-rapido (PM HSS), intermet MC90, metallo duro<\/td>\n<\/tr>\n<tr>\n<td class=\"tg-tklq\">Rivestimenti<\/td>\n<td class=\"tg-ebjx\">Tutti i comuni rivestimenti PVD: TiN, Alcrona \u00ae e Altensa \u00ae<\/td>\n<\/tr>\n<tr>\n<td class=\"tg-0795\">Fori (mm)<\/td>\n<td class=\"tg-buig\">8, 10, 13, 16, 22, 27, 32, 40, 50, 60 e 80mm<\/td>\n<\/tr>\n<tr>\n<td class=\"tg-tklq\">Fori (pollici)<\/td>\n<td class=\"tg-ebjx\">12.70, 15.88, 19.05, 22.23, 25.40, 31.75, 38.10, 44.45, 50.80 e 63.50mm<\/td>\n<\/tr>\n<tr>\n<td class=\"tg-0795\">Codoli\/Gambi<\/td>\n<td class=\"tg-buig\">Tutti gli attacchi conici e cilindrici sono disegnati in funzione dei dispositivi del cliente<\/td>\n<\/tr>\n<\/tbody>\n<\/table>\n[\/vc_column_text][\/vc_column_inner][\/vc_row_inner][vc_column_text]\n<table class=\"tg\">\n<thead>\n<tr>\n<th class=\"tg-p4ag\" colspan=\"6\">(*) TABELLA DI VARIANTI DI PROFILO RISPETTO ALLA CREMAGLIERA DI BASE<\/th>\n<\/tr>\n<\/thead>\n<tbody>\n<tr>\n<td class=\"tg-0795\">0 &#8211; SENZA VARIANTI<\/td>\n<td class=\"tg-0795\">A &#8211; TOPPING Rk1=0<\/td>\n<td class=\"tg-0795\">B &#8211; TOPPING Rk1\u22600<\/td>\n<td class=\"tg-0795\">C &#8211; SEMITOPPING<\/td>\n<td class=\"tg-0795\">D &#8211; CORR. EVOLVENTE<\/td>\n<td class=\"tg-0795\">E &#8211; PROTUBERANZA<\/td>\n<\/tr>\n<tr>\n<td class=\"tg-fymr\"><img loading=\"lazy\" class=\"size-full wp-image-12272 aligncenter\" src=\"https:\/\/www.fhusa-tsa.com\/wp-content\/uploads\/2021\/06\/fresa1-1.jpg\" alt=\"\" width=\"85\" height=\"55\" \/><\/td>\n<td class=\"tg-tklq\"><img loading=\"lazy\" class=\"size-full wp-image-12276 aligncenter\" src=\"https:\/\/www.fhusa-tsa.com\/wp-content\/uploads\/2021\/06\/fresa1-2.jpg\" alt=\"\" width=\"85\" height=\"55\" \/><\/td>\n<td class=\"tg-tklq\"><img loading=\"lazy\" class=\"size-full wp-image-12280 aligncenter\" src=\"https:\/\/www.fhusa-tsa.com\/wp-content\/uploads\/2021\/06\/fresa1-3.jpg\" alt=\"\" width=\"85\" height=\"55\" \/><\/td>\n<td class=\"tg-tklq\"><img loading=\"lazy\" class=\"size-full wp-image-12284 aligncenter\" src=\"https:\/\/www.fhusa-tsa.com\/wp-content\/uploads\/2021\/06\/fresa1-4.jpg\" alt=\"\" width=\"85\" height=\"55\" \/><\/td>\n<td class=\"tg-tklq\"><img loading=\"lazy\" class=\"size-full wp-image-12288 aligncenter\" src=\"https:\/\/www.fhusa-tsa.com\/wp-content\/uploads\/2021\/06\/fresa1-5.jpg\" alt=\"\" width=\"85\" height=\"55\" \/><\/td>\n<td class=\"tg-tklq\"><img loading=\"lazy\" class=\"size-full wp-image-12292 aligncenter\" src=\"https:\/\/www.fhusa-tsa.com\/wp-content\/uploads\/2021\/06\/fresa1-6.jpg\" alt=\"\" width=\"85\" height=\"55\" \/><\/td>\n<\/tr>\n<tr>\n<td class=\"tg-0795\">L &#8211; CORNINI<\/td>\n<td class=\"tg-0795\">J &#8211; RAGGIO PIENO<\/td>\n<td class=\"tg-0795\">M &#8211; IMBOCCO CON.<\/td>\n<td class=\"tg-0795\">P &#8211; SPOGLIA FRONTALE<\/td>\n<td class=\"tg-0795\">V &#8211; FONDO SCARICATO<\/td>\n<td class=\"tg-0795\">W &#8211; ROMPITRUCIOLO<\/td>\n<\/tr>\n<tr>\n<td class=\"tg-tklq\"><img loading=\"lazy\" class=\"size-full wp-image-12296 aligncenter\" src=\"https:\/\/www.fhusa-tsa.com\/wp-content\/uploads\/2021\/06\/Fresa2-1.jpg\" alt=\"\" width=\"85\" height=\"55\" \/><\/td>\n<td class=\"tg-tklq\"><img loading=\"lazy\" class=\"size-full wp-image-12300 aligncenter\" src=\"https:\/\/www.fhusa-tsa.com\/wp-content\/uploads\/2021\/06\/Fresa2-2.jpg\" alt=\"\" width=\"85\" height=\"55\" \/><\/td>\n<td class=\"tg-tklq\"><img loading=\"lazy\" class=\"size-full wp-image-12304 aligncenter\" src=\"https:\/\/www.fhusa-tsa.com\/wp-content\/uploads\/2021\/06\/Fresa2-3.jpg\" alt=\"\" width=\"85\" height=\"55\" \/><\/td>\n<td class=\"tg-tklq\"><img loading=\"lazy\" class=\"size-full wp-image-12308 aligncenter\" src=\"https:\/\/www.fhusa-tsa.com\/wp-content\/uploads\/2021\/06\/Fresa2-4.jpg\" alt=\"\" width=\"85\" height=\"55\" \/><\/td>\n<td class=\"tg-tklq\"><img loading=\"lazy\" class=\"size-full wp-image-12312 aligncenter\" src=\"https:\/\/www.fhusa-tsa.com\/wp-content\/uploads\/2021\/06\/Fresa2-5.jpg\" alt=\"\" width=\"85\" height=\"55\" \/><\/td>\n<td class=\"tg-tklq\"><img loading=\"lazy\" class=\"size-full wp-image-12316 aligncenter\" src=\"https:\/\/www.fhusa-tsa.com\/wp-content\/uploads\/2021\/06\/Fresa2-6.jpg\" alt=\"\" width=\"85\" height=\"55\" \/><\/td>\n<\/tr>\n<\/tbody>\n<\/table>\n[\/vc_column_text][vc_btn title=&#8221;Pi\u00f9 informazione&#8221; style=&#8221;flat&#8221; shape=&#8221;round&#8221; color=&#8221;warning&#8221; align=&#8221;left&#8221; link=&#8221;url:https%3A%2F%2Fwww.fhusa-tsa.com%2Fit%2Fcontatto|title:Contacto|target:%20_blank|&#8221; el_class=&#8221;color-azul&#8221;][vc_btn title=&#8221;Scheda tecnica&#8221; style=&#8221;flat&#8221; shape=&#8221;round&#8221; color=&#8221;warning&#8221; align=&#8221;left&#8221; link=&#8221;url:https%3A%2F%2Fwww.fhusa-tsa.com%2Fwp-content%2Fuploads%2F2021%2F03%2FMulti-thread-hobs.pdf|title:Contacto|target:%20_blank|&#8221; el_class=&#8221;color-azul&#8221;]<\/div><div class=\"intense tab-pane effeckt-tab-content \" id=\"1640201956_1\" style=\"visibility: hidden; background-color: ffffff !important;\">[vc_column_text]Le frese sono<strong> fabbricate nella stessa linea di produzione dei creatori<\/strong>, pero non si utilizzano su dentatrici. Non hanno angolo d\u2019elica ne principi; non lavorano per generazione. <strong>Si utilizzano su fresatrici o centri di lavoro<\/strong> e copiano esattamente il profilo dell\u2019utensile sul particolare.<\/p>\n<p>Nel vasto mondo degli utensili per fresatura, <strong>FHUSA-TSA \u00e8 specializzata nelle applicazioni dell\u2019ambito delle trasmissioni dentate<\/strong>.[\/vc_column_text][vc_row_inner][vc_column_inner width=&#8221;1\/4&#8243;][vc_single_image image=&#8221;12321&#8243; img_size=&#8221;full&#8221; onclick=&#8221;zoom&#8221;][vc_single_image image=&#8221;12337&#8243; img_size=&#8221;full&#8221; onclick=&#8221;zoom&#8221;][\/vc_column_inner][vc_column_inner width=&#8221;3\/4&#8243;][vc_column_text]\n<table class=\"tg\">\n<tbody>\n<tr>\n<td class=\"tg-k61v\">Applicazioni e tipologie<\/td>\n<td class=\"tg-buig\">Fabbricazione di cremagliere, viti senzafine e seghe a lame; dentatura dente a dente (anche interna) di ingranaggi, scanalati ed altre trasmissioni dentate; fresatura di forma in generale<\/td>\n<\/tr>\n<tr>\n<td class=\"tg-tklq\">Moduli (DP)<\/td>\n<td class=\"tg-ebjx\">Moduli e Diametral Pitch equivalenti a un passo normale da 1mm a 150mm<\/td>\n<\/tr>\n<tr>\n<td class=\"tg-0795\">Profili ottenibili<\/td>\n<td class=\"tg-buig\">DIN 3972, ISO 8667 e simili; viti senzafine DIN 3975 ZK e ZI; evolvente (Z specifico) e qualunque scanalato, cava o forma con spoglia sufficiente per la fresatura<\/td>\n<\/tr>\n<tr>\n<td class=\"tg-tklq\">Correzioni di profilo<\/td>\n<td class=\"tg-ebjx\">Semitopping, topping, raggio pieno, cornini; qualsiasi profilo definito per punti con spoglia sufficiente; profili asimmetrici; *vedi tabella creatori<\/td>\n<\/tr>\n<tr>\n<td class=\"tg-0795\">Geometrie di\u00a0\u00a0\u00a0\u00a0\u00a0\u00a0\u00a0\u00a0\u00a0\u00a0\u00a0\u00a0\u00a0\u00a0\u00a0\u00a0\u00a0\u00a0\u00a0\u00a0\u00a0\u00a0\u00a0\u00a0\u00a0 frese di forma<\/td>\n<td class=\"tg-buig\">Dischi simmetrici\/asimmetrici; integrali monoblock (fresa multipla) e a set di dischi (doppia chiavetta); frese cilindriche\/coniche; massimo diametro esterno 450mm<\/td>\n<\/tr>\n<tr>\n<td class=\"tg-tklq\">Taglienti e affilatura<\/td>\n<td class=\"tg-ebjx\">Normale, multitagliente e doppio tagliente; affilatura diritta (disco singolo\/set) ed elicoidale (multipla); spoglia frontale zero\/positiva; disposizione allineata (abituale) o giustapposta<\/td>\n<\/tr>\n<tr>\n<td class=\"tg-0795\">Materiali<\/td>\n<td class=\"tg-buig\">Acciaio rapido (HSS M35), acciaio super-rapido (PM HSS), metallo duro<\/td>\n<\/tr>\n<tr>\n<td class=\"tg-tklq\">Rivestimenti<\/td>\n<td class=\"tg-ebjx\">Tutti i comuni rivestimenti PVD: TiN, Alcrona \u00ae e Altensa \u00ae<\/td>\n<\/tr>\n<tr>\n<td class=\"tg-0795\">Fissaggio<\/td>\n<td class=\"tg-buig\">Vedi creatori; per centri\/fresatrici con attacchi specifici si prega di consultare<\/td>\n<\/tr>\n<\/tbody>\n<\/table>\n[\/vc_column_text][\/vc_column_inner][\/vc_row_inner][vc_btn title=&#8221;Pi\u00f9 informazione&#8221; style=&#8221;flat&#8221; shape=&#8221;round&#8221; color=&#8221;warning&#8221; align=&#8221;left&#8221; link=&#8221;url:https%3A%2F%2Fwww.fhusa-tsa.com%2Fit%2Fcontatto|title:Contacto|target:%20_blank|&#8221; el_class=&#8221;color-azul&#8221;]<\/div><\/div><\/div><\/div><\/section>[\/vc_column][\/vc_row]\n","protected":false},"excerpt":{"rendered":"<p>[vc_row el_class=&#8221;row-menu-border&#8221;][vc_column el_class=&#8221;row-menu&#8221;][vc_raw_html css=&#8221;.vc_custom_1624435788203{margin-top: 0px !important;margin-right: 0px !important;margin-bottom: 0px !important;margin-left: 0px !important;border-top-width: 0px !important;border-right-width: 0px !important;border-bottom-width: 0px !important;border-left-width: 0px !important;padding-top: 0px !important;padding-right: 0px !important;padding-bottom: 0px !important;padding-left: 0px !important;}&#8221;]JTNDYnV0dG9uJTIwY2xhc3MlM0QlMjJhY2NvcmRpb24lMjIlM0VOdWVzdHJvcyUyMFByb2R1Y3RvcyUzQyUyRmJ1dHRvbiUzRSUwQSUzQ2RpdiUyMGNsYXNzJTNEJTIycGFuZWwlMjIlM0UlMEElM0N1bCUyMGlkJTNEJTIybWVudS1wcm9kdWN0b3MlMjIlMjBjbGFzcyUzRCUyMmludGVuc2UlMjBtZW51JTIwaG9yaXpvbnRhbCUyMHNmLW1lbnUlMjIlM0UlMEElM0NsaSUyMGlkJTNEJTIybWVudS1pdGVtLTEwODM4JTIyJTIwY2xhc3MlM0QlMjJlbGVtZW50b3MtbWVudS1wcm9kdWN0b3MlMjBtZW51LWl0ZW0tMTA4MzglMjIlM0UlM0NhJTIwaHJlZiUzRCUyMmh0dHBzJTNBJTJGJTJGd3d3LmZodXNhLXRzYS5jb20lMkZpdCUyRmNvcnRhZG9yZXMlMkYlMjIlM0VDT0xURUxMSSUyMFNUT1paQVRPUkklM0MlMkZhJTNFJTNDJTJGbGklM0UlMEElM0NsaSUyMGlkJTNEJTIybWVudS1pdGVtLTEwODM2JTIyJTIwY2xhc3MlM0QlMjJlbGVtZW50b3MtbWVudS1wcm9kdWN0b3MlMjBtZW51LWl0ZW0tMTA4MzYlMjBhY3RpdmUlMjIlM0UlM0NhJTIwaHJlZiUzRCUyMmh0dHBzJTNBJTJGJTJGd3d3LmZodXNhLXRzYS5jb20lMkZpdCUyRmZyZXNhLW1hZHJlJTJGJTIyJTIwYXJpYS1jdXJyZW50JTNEJTIycGFnZSUyMiUzRUNSRUFUT1JJJTIwRSUyMEZSRVNFJTNDJTJGYSUzRSUzQyUyRmxpJTNFJTBBJTNDbGklMjBpZCUzRCUyMm1lbnUtaXRlbS0xMDgzMSUyMiUyMGNsYXNzJTNEJTIyZWxlbWVudG9zLW1lbnUtcHJvZHVjdG9zJTIwbWVudS1pdGVtLTEwODMxJTIyJTNFJTNDYSUyMGhyZWYlM0QlMjJodHRwcyUzQSUyRiUyRnd3dy5maHVzYS10c2EuY29tJTJGaXQlMkZicm9jaGFzJTJGJTIyJTNFVVRFTlNJTEklMjBQRVIlMjBCUk9DQ0lBVFVSQSUzQyUyRmElM0UlM0MlMkZsaSUzRSUwQSUzQ2xpJTIwaWQlM0QlMjJtZW51LWl0ZW0tMTA4MzIlMjIlMjBjbGFzcyUzRCUyMmVsZW1lbnRvcy1tZW51LXByb2R1Y3RvcyUyMG1lbnUtaXRlbS0xMDgzMiUyMiUzRSUzQ2ElMjBocmVmJTNEJTIyaHR0cHMlM0ElMkYlMkZ3d3cuZmh1c2EtdHNhLmNvbSUyRml0JTJGc2tpdmluZyUyRiUyMiUzRVNLSVZJTkclM0MlMkZhJTNFJTNDJTJGbGklM0UlMEElM0NsaSUyMGlkJTNEJTIybWVudS1pdGVtLTEwODM3JTIyJTIwY2xhc3MlM0QlMjJlbGVtZW50b3MtbWVudS1wcm9kdWN0b3MlMjBtZW51LWl0ZW0tMTA4MzclMjIlM0UlM0NhJTIwaHJlZiUzRCUyMmh0dHBzJTNBJTJGJTJGd3d3LmZodXNhLXRzYS5jb20lMkZpdCUyRmFmZWl0YWRvcmVzJTJGJTIyJTNFUkFTQVRPUkklMkZTQkFSQkFUT1JJJTNDJTJGYSUzRSUzQyUyRmxpJTNFJTBBJTNDbGklMjBpZCUzRCUyMm1lbnUtaXRlbS0xMDgzMyUyMiUyMGNsYXNzJTNEJTIyZWxlbWVudG9zLW1lbnUtcHJvZHVjdG9zJTIwbWVudS1pdGVtLTEwODMzJTIyJTNFJTNDYSUyMGhyZWYlM0QlMjJodHRwcyUzQSUyRiUyRnd3dy5maHVzYS10c2EuY29tJTJGaXQlMkZjaGFmbGFuYWRvcmVzJTJGJTIyJTNFU01VU1NBVE9SSSUzQyUyRmElM0UlM0MlMkZsaSUzRSUwQSUzQ2xpJTIwaWQlM0QlMjJtZW51LWl0ZW0tMTA4MzUlMjIlMjBjbGFzcyUzRCUyMmVsZW1lbnRvcy1tZW51LXByb2R1Y3RvcyUyMG1lbnUtaXRlbS0xMDgzNSUyMiUzRSUzQ2ElMjBocmVmJTNEJTIyaHR0cHMlM0ElMkYlMkZ3d3cuZmh1c2EtdHNhLmNvbSUyRml0JTJGbW9sZXRhcyUyRiUyMiUzRVJVTExJJTIwUklDQUxDQVRPUkklM0MlMkZhJTNFJTNDJTJGbGklM0UlMEElM0NsaSUyMGlkJTNEJTIybWVudS1pdGVtLTEwODM0JTIyJTIwY2xhc3MlM0QlMjJlbGVtZW50b3MtbWVudS1wcm9kdWN0b3MlMjBtZW51LWl0ZW0tMTA4MzQlMjIlM0UlM0NhJTIwaHJlZiUzRCUyMmh0dHBzJTNBJTJGJTJGd3d3LmZodXNhLXRzYS5jb20lMkZpdCUyRmVuZ3JhbmFqZS1wYXRyb24lMkYlMjIlM0VJTkdSQU5BR0dJJTIwTUFTVEVSJTNDJTJGYSUzRSUzQyUyRmxpJTNFJTBBJTNDJTJGdWwlM0UlMEElM0MlMkZkaXYlM0UlMEElMEE=[\/vc_raw_html][\/vc_column][\/vc_row][vc_row][vc_column][\/vc_column][\/vc_row]<\/p>\n","protected":false},"author":1,"featured_media":0,"parent":0,"menu_order":0,"comment_status":"open","ping_status":"open","template":"full-width.php","meta":[],"yoast_head":"<!-- This site is optimized with the Yoast SEO plugin v16.4 - https:\/\/yoast.com\/wordpress\/plugins\/seo\/ -->\n<title>PROVEEDORES DE Creatori e Frese Y FRESA DE FORMA - FHUSA-TSA<\/title>\n<meta name=\"description\" content=\"Nuestras fresas madre son fabricadas en m\u00e1quinas CNC multi-ejes que incorporan los \u00faltimos adelantos tecnol\u00f3gicos en el proceso de rectificado\" \/>\n<meta name=\"robots\" content=\"index, follow, max-snippet:-1, max-image-preview:large, max-video-preview:-1\" \/>\n<link rel=\"canonical\" href=\"https:\/\/www.fhusa-tsa.com\/it\/fresa-madre\/\" \/>\n<meta property=\"og:locale\" content=\"it_IT\" \/>\n<meta property=\"og:type\" content=\"article\" \/>\n<meta property=\"og:title\" content=\"PROVEEDORES DE Creatori e Frese Y FRESA DE FORMA - FHUSA-TSA\" \/>\n<meta property=\"og:description\" content=\"Nuestras fresas madre son fabricadas en m\u00e1quinas CNC multi-ejes que incorporan los \u00faltimos adelantos tecnol\u00f3gicos en el proceso de rectificado\" \/>\n<meta property=\"og:url\" content=\"https:\/\/www.fhusa-tsa.com\/it\/fresa-madre\/\" \/>\n<meta property=\"og:site_name\" content=\"FHUSA-TSA\" \/>\n<meta property=\"article:modified_time\" content=\"2021-11-24T07:15:45+00:00\" \/>\n<meta property=\"og:image\" content=\"https:\/\/www.fhusa-tsa.com\/wp-content\/uploads\/2021\/06\/fresa1-1.jpg\" \/>\n<meta name=\"twitter:card\" content=\"summary\" \/>\n<meta name=\"twitter:label1\" content=\"Est. reading time\" \/>\n\t<meta name=\"twitter:data1\" content=\"7 minuti\" \/>\n<script type=\"application\/ld+json\" class=\"yoast-schema-graph\">{\"@context\":\"https:\/\/schema.org\",\"@graph\":[{\"@type\":\"WebSite\",\"@id\":\"https:\/\/www.fhusa-tsa.com\/#website\",\"url\":\"https:\/\/www.fhusa-tsa.com\/\",\"name\":\"FHUSA-TSA\",\"description\":\"Fabricante Herramientas Precisi\\u00f3n para Engranajes, Skiving, Fresas Madre, Cortadores\",\"potentialAction\":[{\"@type\":\"SearchAction\",\"target\":\"https:\/\/www.fhusa-tsa.com\/?s={search_term_string}\",\"query-input\":\"required name=search_term_string\"}],\"inLanguage\":\"it-IT\"},{\"@type\":\"ImageObject\",\"@id\":\"https:\/\/www.fhusa-tsa.com\/it\/fresa-madre\/#primaryimage\",\"inLanguage\":\"it-IT\",\"url\":\"https:\/\/www.fhusa-tsa.com\/wp-content\/uploads\/2021\/06\/fresa1-1.jpg\",\"contentUrl\":\"https:\/\/www.fhusa-tsa.com\/wp-content\/uploads\/2021\/06\/fresa1-1.jpg\",\"width\":85,\"height\":55},{\"@type\":\"WebPage\",\"@id\":\"https:\/\/www.fhusa-tsa.com\/it\/fresa-madre\/#webpage\",\"url\":\"https:\/\/www.fhusa-tsa.com\/it\/fresa-madre\/\",\"name\":\"PROVEEDORES DE Creatori e Frese Y FRESA DE FORMA - FHUSA-TSA\",\"isPartOf\":{\"@id\":\"https:\/\/www.fhusa-tsa.com\/#website\"},\"primaryImageOfPage\":{\"@id\":\"https:\/\/www.fhusa-tsa.com\/it\/fresa-madre\/#primaryimage\"},\"datePublished\":\"2021-05-11T09:32:12+00:00\",\"dateModified\":\"2021-11-24T07:15:45+00:00\",\"description\":\"Nuestras fresas madre son fabricadas en m\\u00e1quinas CNC multi-ejes que incorporan los \\u00faltimos adelantos tecnol\\u00f3gicos en el proceso de rectificado\",\"breadcrumb\":{\"@id\":\"https:\/\/www.fhusa-tsa.com\/it\/fresa-madre\/#breadcrumb\"},\"inLanguage\":\"it-IT\",\"potentialAction\":[{\"@type\":\"ReadAction\",\"target\":[\"https:\/\/www.fhusa-tsa.com\/it\/fresa-madre\/\"]}]},{\"@type\":\"BreadcrumbList\",\"@id\":\"https:\/\/www.fhusa-tsa.com\/it\/fresa-madre\/#breadcrumb\",\"itemListElement\":[{\"@type\":\"ListItem\",\"position\":1,\"item\":{\"@type\":\"WebPage\",\"@id\":\"https:\/\/www.fhusa-tsa.com\/it\/\",\"url\":\"https:\/\/www.fhusa-tsa.com\/it\/\",\"name\":\"Portada\"}},{\"@type\":\"ListItem\",\"position\":2,\"item\":{\"@id\":\"https:\/\/www.fhusa-tsa.com\/it\/fresa-madre\/#webpage\"}}]}]}<\/script>\n<!-- \/ Yoast SEO plugin. -->","_links":{"self":[{"href":"https:\/\/www.fhusa-tsa.com\/it\/wp-json\/wp\/v2\/pages\/11654"}],"collection":[{"href":"https:\/\/www.fhusa-tsa.com\/it\/wp-json\/wp\/v2\/pages"}],"about":[{"href":"https:\/\/www.fhusa-tsa.com\/it\/wp-json\/wp\/v2\/types\/page"}],"author":[{"embeddable":true,"href":"https:\/\/www.fhusa-tsa.com\/it\/wp-json\/wp\/v2\/users\/1"}],"replies":[{"embeddable":true,"href":"https:\/\/www.fhusa-tsa.com\/it\/wp-json\/wp\/v2\/comments?post=11654"}],"version-history":[{"count":11,"href":"https:\/\/www.fhusa-tsa.com\/it\/wp-json\/wp\/v2\/pages\/11654\/revisions"}],"predecessor-version":[{"id":12341,"href":"https:\/\/www.fhusa-tsa.com\/it\/wp-json\/wp\/v2\/pages\/11654\/revisions\/12341"}],"wp:attachment":[{"href":"https:\/\/www.fhusa-tsa.com\/it\/wp-json\/wp\/v2\/media?parent=11654"}],"curies":[{"name":"wp","href":"https:\/\/api.w.org\/{rel}","templated":true}]}}