{"id":11655,"date":"2021-05-11T12:26:37","date_gmt":"2021-05-11T10:26:37","guid":{"rendered":"https:\/\/www.fhusa-tsa.com\/?page_id=11655"},"modified":"2021-11-15T01:05:47","modified_gmt":"2021-11-14T23:05:47","slug":"moletas","status":"publish","type":"page","link":"https:\/\/www.fhusa-tsa.com\/it\/moletas\/","title":{"rendered":"Rulli Ricalcatori"},"content":{"rendered":"[vc_row el_class=&#8221;row-menu-border&#8221;][vc_column el_class=&#8221;row-menu&#8221;][vc_raw_html css=&#8221;.vc_custom_1624435943988{margin-top: 0px !important;margin-right: 0px !important;margin-bottom: 0px !important;margin-left: 0px !important;border-top-width: 0px !important;border-right-width: 0px !important;border-bottom-width: 0px !important;border-left-width: 0px !important;padding-top: 0px !important;padding-right: 0px !important;padding-bottom: 0px !important;padding-left: 0px !important;}&#8221;]JTNDYnV0dG9uJTIwY2xhc3MlM0QlMjJhY2NvcmRpb24lMjIlM0VOdWVzdHJvcyUyMFByb2R1Y3RvcyUzQyUyRmJ1dHRvbiUzRSUwQSUzQ2RpdiUyMGNsYXNzJTNEJTIycGFuZWwlMjIlM0UlMEElM0N1bCUyMGlkJTNEJTIybWVudS1wcm9kdWN0b3MlMjIlMjBjbGFzcyUzRCUyMmludGVuc2UlMjBtZW51JTIwaG9yaXpvbnRhbCUyMHNmLW1lbnUlMjIlM0UlMEElM0NsaSUyMGlkJTNEJTIybWVudS1pdGVtLTEwODM4JTIyJTIwY2xhc3MlM0QlMjJlbGVtZW50b3MtbWVudS1wcm9kdWN0b3MlMjBtZW51LWl0ZW0tMTA4MzglMjIlM0UlM0NhJTIwaHJlZiUzRCUyMmh0dHBzJTNBJTJGJTJGd3d3LmZodXNhLXRzYS5jb20lMkZpdCUyRmNvcnRhZG9yZXMlMkYlMjIlM0VDT0xURUxMSSUyMFNUT1paQVRPUkklM0MlMkZhJTNFJTNDJTJGbGklM0UlMEElM0NsaSUyMGlkJTNEJTIybWVudS1pdGVtLTEwODM2JTIyJTIwY2xhc3MlM0QlMjJlbGVtZW50b3MtbWVudS1wcm9kdWN0b3MlMjBtZW51LWl0ZW0tMTA4MzYlMjIlM0UlM0NhJTIwaHJlZiUzRCUyMmh0dHBzJTNBJTJGJTJGd3d3LmZodXNhLXRzYS5jb20lMkZpdCUyRmZyZXNhLW1hZHJlJTJGJTIyJTNFQ1JFQVRPUkklMjBFJTIwRlJFU0UlM0MlMkZhJTNFJTNDJTJGbGklM0UlMEElM0NsaSUyMGlkJTNEJTIybWVudS1pdGVtLTEwODMxJTIyJTIwY2xhc3MlM0QlMjJlbGVtZW50b3MtbWVudS1wcm9kdWN0b3MlMjBtZW51LWl0ZW0tMTA4MzElMjIlM0UlM0NhJTIwaHJlZiUzRCUyMmh0dHBzJTNBJTJGJTJGd3d3LmZodXNhLXRzYS5jb20lMkZpdCUyRmJyb2NoYXMlMkYlMjIlM0VVVEVOU0lMSSUyMFBFUiUyMEJST0NDSUFUVVJBJTNDJTJGYSUzRSUzQyUyRmxpJTNFJTBBJTNDbGklMjBpZCUzRCUyMm1lbnUtaXRlbS0xMDgzMiUyMiUyMGNsYXNzJTNEJTIyZWxlbWVudG9zLW1lbnUtcHJvZHVjdG9zJTIwbWVudS1pdGVtLTEwODMyJTIyJTNFJTNDYSUyMGhyZWYlM0QlMjJodHRwcyUzQSUyRiUyRnd3dy5maHVzYS10c2EuY29tJTJGaXQlMkZza2l2aW5nJTJGJTIyJTNFU0tJVklORyUzQyUyRmElM0UlM0MlMkZsaSUzRSUwQSUzQ2xpJTIwaWQlM0QlMjJtZW51LWl0ZW0tMTA4MzclMjIlMjBjbGFzcyUzRCUyMmVsZW1lbnRvcy1tZW51LXByb2R1Y3RvcyUyMG1lbnUtaXRlbS0xMDgzNyUyMiUzRSUzQ2ElMjBocmVmJTNEJTIyaHR0cHMlM0ElMkYlMkZ3d3cuZmh1c2EtdHNhLmNvbSUyRml0JTJGYWZlaXRhZG9yZXMlMkYlMjIlM0VSQVNBVE9SSSUyRlNCQVJCQVRPUkklM0MlMkZhJTNFJTNDJTJGbGklM0UlMEElM0NsaSUyMGlkJTNEJTIybWVudS1pdGVtLTEwODMzJTIyJTIwY2xhc3MlM0QlMjJlbGVtZW50b3MtbWVudS1wcm9kdWN0b3MlMjBtZW51LWl0ZW0tMTA4MzMlMjIlM0UlM0NhJTIwaHJlZiUzRCUyMmh0dHBzJTNBJTJGJTJGd3d3LmZodXNhLXRzYS5jb20lMkZpdCUyRmNoYWZsYW5hZG9yZXMlMkYlMjIlM0VTTVVTU0FUT1JJJTNDJTJGYSUzRSUzQyUyRmxpJTNFJTBBJTNDbGklMjBpZCUzRCUyMm1lbnUtaXRlbS0xMDgzNSUyMiUyMGNsYXNzJTNEJTIyZWxlbWVudG9zLW1lbnUtcHJvZHVjdG9zJTIwbWVudS1pdGVtLTEwODM1JTIwYWN0aXZlJTIyJTNFJTNDYSUyMGhyZWYlM0QlMjJodHRwcyUzQSUyRiUyRnd3dy5maHVzYS10c2EuY29tJTJGaXQlMkZtb2xldGFzJTJGJTIyJTIwYXJpYS1jdXJyZW50JTNEJTIycGFnZSUyMiUzRVJVTExJJTIwUklDQUxDQVRPUkklM0MlMkZhJTNFJTNDJTJGbGklM0UlMEElM0NsaSUyMGlkJTNEJTIybWVudS1pdGVtLTEwODM0JTIyJTIwY2xhc3MlM0QlMjJlbGVtZW50b3MtbWVudS1wcm9kdWN0b3MlMjBtZW51LWl0ZW0tMTA4MzQlMjIlM0UlM0NhJTIwaHJlZiUzRCUyMmh0dHBzJTNBJTJGJTJGd3d3LmZodXNhLXRzYS5jb20lMkZpdCUyRmVuZ3JhbmFqZS1wYXRyb24lMkYlMjIlM0VJTkdSQU5BR0dJJTIwTUFTVEVSJTNDJTJGYSUzRSUzQyUyRmxpJTNFJTBBJTNDJTJGdWwlM0UlMEElM0MlMkZkaXYlM0U=[\/vc_raw_html][\/vc_column][\/vc_row][vc_row][vc_column]<section id=\"content-section-961606756\" class=\"intense content-section \"2 style=\"  margin-bottom: 0; margin-top: 0; margin-left: 0; margin-right: 0;  padding-top: 0; padding-bottom:25px; padding-left: 0; padding-right:0; \"><div class=\"intense container  \">[vc_column_text]\n<h1><strong>Rulli ricalcatori<\/strong><\/h1>\n<p>I rulli si usano per generare l\u2019imbocco conico delle dentature interne degli innesti laterali, nei cambi di velocit\u00e0 manuali. Esercitano una pressione che produce deformazione plastica, con doppia conicit\u00e0. Questo utensile <strong>\u00e8 concepito principalmente per sopportare una elevata sollecitazione meccanica di compressione<\/strong>.<\/p>\n<p>I fattori da tenere in considerazione per la fabbricazione di rulli di alto rendimento sono la scelta del materiale, un <strong>controllo rigoroso del trattamento termico e una finitura eccellente<\/strong> (totalmente rettificata).[\/vc_column_text][vc_single_image image=&#8221;3102&#8243; img_size=&#8221;medium&#8221; onclick=&#8221;zoom&#8221;][vc_btn title=&#8221;Pi\u00f9 informazione&#8221; style=&#8221;flat&#8221; shape=&#8221;round&#8221; color=&#8221;warning&#8221; align=&#8221;left&#8221; link=&#8221;url:https%3A%2F%2Fwww.fhusa-tsa.com%2Fit%2Fcontatto|title:Contacto||&#8221; el_class=&#8221;color-azul&#8221;]<\/div><\/section>[\/vc_column][\/vc_row]\n","protected":false},"excerpt":{"rendered":"<p>[vc_row el_class=&#8221;row-menu-border&#8221;][vc_column el_class=&#8221;row-menu&#8221;][vc_raw_html css=&#8221;.vc_custom_1624435943988{margin-top: 0px !important;margin-right: 0px !important;margin-bottom: 0px !important;margin-left: 0px !important;border-top-width: 0px !important;border-right-width: 0px !important;border-bottom-width: 0px !important;border-left-width: 0px !important;padding-top: 0px !important;padding-right: 0px !important;padding-bottom: 0px !important;padding-left: 0px !important;}&#8221;]JTNDYnV0dG9uJTIwY2xhc3MlM0QlMjJhY2NvcmRpb24lMjIlM0VOdWVzdHJvcyUyMFByb2R1Y3RvcyUzQyUyRmJ1dHRvbiUzRSUwQSUzQ2RpdiUyMGNsYXNzJTNEJTIycGFuZWwlMjIlM0UlMEElM0N1bCUyMGlkJTNEJTIybWVudS1wcm9kdWN0b3MlMjIlMjBjbGFzcyUzRCUyMmludGVuc2UlMjBtZW51JTIwaG9yaXpvbnRhbCUyMHNmLW1lbnUlMjIlM0UlMEElM0NsaSUyMGlkJTNEJTIybWVudS1pdGVtLTEwODM4JTIyJTIwY2xhc3MlM0QlMjJlbGVtZW50b3MtbWVudS1wcm9kdWN0b3MlMjBtZW51LWl0ZW0tMTA4MzglMjIlM0UlM0NhJTIwaHJlZiUzRCUyMmh0dHBzJTNBJTJGJTJGd3d3LmZodXNhLXRzYS5jb20lMkZpdCUyRmNvcnRhZG9yZXMlMkYlMjIlM0VDT0xURUxMSSUyMFNUT1paQVRPUkklM0MlMkZhJTNFJTNDJTJGbGklM0UlMEElM0NsaSUyMGlkJTNEJTIybWVudS1pdGVtLTEwODM2JTIyJTIwY2xhc3MlM0QlMjJlbGVtZW50b3MtbWVudS1wcm9kdWN0b3MlMjBtZW51LWl0ZW0tMTA4MzYlMjIlM0UlM0NhJTIwaHJlZiUzRCUyMmh0dHBzJTNBJTJGJTJGd3d3LmZodXNhLXRzYS5jb20lMkZpdCUyRmZyZXNhLW1hZHJlJTJGJTIyJTNFQ1JFQVRPUkklMjBFJTIwRlJFU0UlM0MlMkZhJTNFJTNDJTJGbGklM0UlMEElM0NsaSUyMGlkJTNEJTIybWVudS1pdGVtLTEwODMxJTIyJTIwY2xhc3MlM0QlMjJlbGVtZW50b3MtbWVudS1wcm9kdWN0b3MlMjBtZW51LWl0ZW0tMTA4MzElMjIlM0UlM0NhJTIwaHJlZiUzRCUyMmh0dHBzJTNBJTJGJTJGd3d3LmZodXNhLXRzYS5jb20lMkZpdCUyRmJyb2NoYXMlMkYlMjIlM0VVVEVOU0lMSSUyMFBFUiUyMEJST0NDSUFUVVJBJTNDJTJGYSUzRSUzQyUyRmxpJTNFJTBBJTNDbGklMjBpZCUzRCUyMm1lbnUtaXRlbS0xMDgzMiUyMiUyMGNsYXNzJTNEJTIyZWxlbWVudG9zLW1lbnUtcHJvZHVjdG9zJTIwbWVudS1pdGVtLTEwODMyJTIyJTNFJTNDYSUyMGhyZWYlM0QlMjJodHRwcyUzQSUyRiUyRnd3dy5maHVzYS10c2EuY29tJTJGaXQlMkZza2l2aW5nJTJGJTIyJTNFU0tJVklORyUzQyUyRmElM0UlM0MlMkZsaSUzRSUwQSUzQ2xpJTIwaWQlM0QlMjJtZW51LWl0ZW0tMTA4MzclMjIlMjBjbGFzcyUzRCUyMmVsZW1lbnRvcy1tZW51LXByb2R1Y3RvcyUyMG1lbnUtaXRlbS0xMDgzNyUyMiUzRSUzQ2ElMjBocmVmJTNEJTIyaHR0cHMlM0ElMkYlMkZ3d3cuZmh1c2EtdHNhLmNvbSUyRml0JTJGYWZlaXRhZG9yZXMlMkYlMjIlM0VSQVNBVE9SSSUyRlNCQVJCQVRPUkklM0MlMkZhJTNFJTNDJTJGbGklM0UlMEElM0NsaSUyMGlkJTNEJTIybWVudS1pdGVtLTEwODMzJTIyJTIwY2xhc3MlM0QlMjJlbGVtZW50b3MtbWVudS1wcm9kdWN0b3MlMjBtZW51LWl0ZW0tMTA4MzMlMjIlM0UlM0NhJTIwaHJlZiUzRCUyMmh0dHBzJTNBJTJGJTJGd3d3LmZodXNhLXRzYS5jb20lMkZpdCUyRmNoYWZsYW5hZG9yZXMlMkYlMjIlM0VTTVVTU0FUT1JJJTNDJTJGYSUzRSUzQyUyRmxpJTNFJTBBJTNDbGklMjBpZCUzRCUyMm1lbnUtaXRlbS0xMDgzNSUyMiUyMGNsYXNzJTNEJTIyZWxlbWVudG9zLW1lbnUtcHJvZHVjdG9zJTIwbWVudS1pdGVtLTEwODM1JTIwYWN0aXZlJTIyJTNFJTNDYSUyMGhyZWYlM0QlMjJodHRwcyUzQSUyRiUyRnd3dy5maHVzYS10c2EuY29tJTJGaXQlMkZtb2xldGFzJTJGJTIyJTIwYXJpYS1jdXJyZW50JTNEJTIycGFnZSUyMiUzRVJVTExJJTIwUklDQUxDQVRPUkklM0MlMkZhJTNFJTNDJTJGbGklM0UlMEElM0NsaSUyMGlkJTNEJTIybWVudS1pdGVtLTEwODM0JTIyJTIwY2xhc3MlM0QlMjJlbGVtZW50b3MtbWVudS1wcm9kdWN0b3MlMjBtZW51LWl0ZW0tMTA4MzQlMjIlM0UlM0NhJTIwaHJlZiUzRCUyMmh0dHBzJTNBJTJGJTJGd3d3LmZodXNhLXRzYS5jb20lMkZpdCUyRmVuZ3JhbmFqZS1wYXRyb24lMkYlMjIlM0VJTkdSQU5BR0dJJTIwTUFTVEVSJTNDJTJGYSUzRSUzQyUyRmxpJTNFJTBBJTNDJTJGdWwlM0UlMEElM0MlMkZkaXYlM0U=[\/vc_raw_html][\/vc_column][\/vc_row][vc_row][vc_column][\/vc_column][\/vc_row]<\/p>\n","protected":false},"author":1,"featured_media":0,"parent":0,"menu_order":0,"comment_status":"closed","ping_status":"closed","template":"full-width.php","meta":[],"yoast_head":"<!-- This site is optimized with the Yoast SEO plugin v16.4 - https:\/\/yoast.com\/wordpress\/plugins\/seo\/ -->\n<title>PROVEEDOR DE Rulli Ricalcatori RECALCADORAS - FHUSA-TSA<\/title>\n<meta name=\"description\" content=\"En FHUSA - TSA esta herramienta es dise\u00f1ada poniendo una especial atenci\u00f3n a la elevada carga mec\u00e1nica a la cual es sometida.\" \/>\n<meta name=\"robots\" content=\"index, follow, max-snippet:-1, max-image-preview:large, max-video-preview:-1\" \/>\n<link rel=\"canonical\" href=\"https:\/\/www.fhusa-tsa.com\/it\/moletas\/\" \/>\n<meta property=\"og:locale\" content=\"it_IT\" \/>\n<meta property=\"og:type\" content=\"article\" \/>\n<meta property=\"og:title\" content=\"PROVEEDOR DE Rulli Ricalcatori RECALCADORAS - FHUSA-TSA\" \/>\n<meta property=\"og:description\" content=\"En FHUSA - TSA esta herramienta es dise\u00f1ada poniendo una especial atenci\u00f3n a la elevada carga mec\u00e1nica a la cual es sometida.\" \/>\n<meta property=\"og:url\" content=\"https:\/\/www.fhusa-tsa.com\/it\/moletas\/\" \/>\n<meta property=\"og:site_name\" content=\"FHUSA-TSA\" \/>\n<meta property=\"article:modified_time\" content=\"2021-11-14T23:05:47+00:00\" \/>\n<meta name=\"twitter:card\" content=\"summary\" \/>\n<meta name=\"twitter:label1\" content=\"Est. reading time\" \/>\n\t<meta name=\"twitter:data1\" content=\"1 minuto\" \/>\n<script type=\"application\/ld+json\" class=\"yoast-schema-graph\">{\"@context\":\"https:\/\/schema.org\",\"@graph\":[{\"@type\":\"WebSite\",\"@id\":\"https:\/\/www.fhusa-tsa.com\/#website\",\"url\":\"https:\/\/www.fhusa-tsa.com\/\",\"name\":\"FHUSA-TSA\",\"description\":\"Fabricante Herramientas Precisi\\u00f3n para Engranajes, Skiving, Fresas Madre, Cortadores\",\"potentialAction\":[{\"@type\":\"SearchAction\",\"target\":\"https:\/\/www.fhusa-tsa.com\/?s={search_term_string}\",\"query-input\":\"required name=search_term_string\"}],\"inLanguage\":\"it-IT\"},{\"@type\":\"WebPage\",\"@id\":\"https:\/\/www.fhusa-tsa.com\/it\/moletas\/#webpage\",\"url\":\"https:\/\/www.fhusa-tsa.com\/it\/moletas\/\",\"name\":\"PROVEEDOR DE Rulli Ricalcatori RECALCADORAS - FHUSA-TSA\",\"isPartOf\":{\"@id\":\"https:\/\/www.fhusa-tsa.com\/#website\"},\"datePublished\":\"2021-05-11T10:26:37+00:00\",\"dateModified\":\"2021-11-14T23:05:47+00:00\",\"description\":\"En FHUSA - TSA esta herramienta es dise\\u00f1ada poniendo una especial atenci\\u00f3n a la elevada carga mec\\u00e1nica a la cual es sometida.\",\"breadcrumb\":{\"@id\":\"https:\/\/www.fhusa-tsa.com\/it\/moletas\/#breadcrumb\"},\"inLanguage\":\"it-IT\",\"potentialAction\":[{\"@type\":\"ReadAction\",\"target\":[\"https:\/\/www.fhusa-tsa.com\/it\/moletas\/\"]}]},{\"@type\":\"BreadcrumbList\",\"@id\":\"https:\/\/www.fhusa-tsa.com\/it\/moletas\/#breadcrumb\",\"itemListElement\":[{\"@type\":\"ListItem\",\"position\":1,\"item\":{\"@type\":\"WebPage\",\"@id\":\"https:\/\/www.fhusa-tsa.com\/it\/\",\"url\":\"https:\/\/www.fhusa-tsa.com\/it\/\",\"name\":\"Portada\"}},{\"@type\":\"ListItem\",\"position\":2,\"item\":{\"@id\":\"https:\/\/www.fhusa-tsa.com\/it\/moletas\/#webpage\"}}]}]}<\/script>\n<!-- \/ Yoast SEO plugin. -->","_links":{"self":[{"href":"https:\/\/www.fhusa-tsa.com\/it\/wp-json\/wp\/v2\/pages\/11655"}],"collection":[{"href":"https:\/\/www.fhusa-tsa.com\/it\/wp-json\/wp\/v2\/pages"}],"about":[{"href":"https:\/\/www.fhusa-tsa.com\/it\/wp-json\/wp\/v2\/types\/page"}],"author":[{"embeddable":true,"href":"https:\/\/www.fhusa-tsa.com\/it\/wp-json\/wp\/v2\/users\/1"}],"replies":[{"embeddable":true,"href":"https:\/\/www.fhusa-tsa.com\/it\/wp-json\/wp\/v2\/comments?post=11655"}],"version-history":[{"count":10,"href":"https:\/\/www.fhusa-tsa.com\/it\/wp-json\/wp\/v2\/pages\/11655\/revisions"}],"predecessor-version":[{"id":12347,"href":"https:\/\/www.fhusa-tsa.com\/it\/wp-json\/wp\/v2\/pages\/11655\/revisions\/12347"}],"wp:attachment":[{"href":"https:\/\/www.fhusa-tsa.com\/it\/wp-json\/wp\/v2\/media?parent=11655"}],"curies":[{"name":"wp","href":"https:\/\/api.w.org\/{rel}","templated":true}]}}