{"id":11664,"date":"2021-05-11T12:08:00","date_gmt":"2021-05-11T10:08:00","guid":{"rendered":"https:\/\/www.fhusa-tsa.com\/?page_id=11664"},"modified":"2021-11-17T22:24:11","modified_gmt":"2021-11-17T20:24:11","slug":"skiving","status":"publish","type":"page","link":"https:\/\/www.fhusa-tsa.com\/it\/skiving\/","title":{"rendered":"Utensili Power Skiving"},"content":{"rendered":"[vc_row el_class=&#8221;row-menu-border&#8221;][vc_column el_class=&#8221;row-menu&#8221;][vc_raw_html css=&#8221;.vc_custom_1624435911676{margin-top: 0px !important;margin-right: 0px !important;margin-bottom: 0px !important;margin-left: 0px !important;border-top-width: 0px !important;border-right-width: 0px !important;border-bottom-width: 0px !important;border-left-width: 0px !important;padding-top: 0px !important;padding-right: 0px !important;padding-bottom: 0px !important;padding-left: 0px !important;}&#8221;]JTNDYnV0dG9uJTIwY2xhc3MlM0QlMjJhY2NvcmRpb24lMjIlM0VOdWVzdHJvcyUyMFByb2R1Y3RvcyUzQyUyRmJ1dHRvbiUzRSUwQSUzQ2RpdiUyMGNsYXNzJTNEJTIycGFuZWwlMjIlM0UlMEElM0N1bCUyMGlkJTNEJTIybWVudS1wcm9kdWN0b3MlMjIlMjBjbGFzcyUzRCUyMmludGVuc2UlMjBtZW51JTIwaG9yaXpvbnRhbCUyMHNmLW1lbnUlMjIlM0UlMEElM0NsaSUyMGlkJTNEJTIybWVudS1pdGVtLTEwODM4JTIyJTIwY2xhc3MlM0QlMjJlbGVtZW50b3MtbWVudS1wcm9kdWN0b3MlMjBtZW51LWl0ZW0tMTA4MzglMjIlM0UlM0NhJTIwaHJlZiUzRCUyMmh0dHBzJTNBJTJGJTJGd3d3LmZodXNhLXRzYS5jb20lMkZpdCUyRmNvcnRhZG9yZXMlMkYlMjIlM0VDT0xURUxMSSUyMFNUT1paQVRPUkklM0MlMkZhJTNFJTNDJTJGbGklM0UlMEElM0NsaSUyMGlkJTNEJTIybWVudS1pdGVtLTEwODM2JTIyJTIwY2xhc3MlM0QlMjJlbGVtZW50b3MtbWVudS1wcm9kdWN0b3MlMjBtZW51LWl0ZW0tMTA4MzYlMjIlM0UlM0NhJTIwaHJlZiUzRCUyMmh0dHBzJTNBJTJGJTJGd3d3LmZodXNhLXRzYS5jb20lMkZpdCUyRmZyZXNhLW1hZHJlJTJGJTIyJTNFQ1JFQVRPUkklMjBFJTIwRlJFU0UlM0MlMkZhJTNFJTNDJTJGbGklM0UlMEElM0NsaSUyMGlkJTNEJTIybWVudS1pdGVtLTEwODMxJTIyJTIwY2xhc3MlM0QlMjJlbGVtZW50b3MtbWVudS1wcm9kdWN0b3MlMjBtZW51LWl0ZW0tMTA4MzElMjIlM0UlM0NhJTIwaHJlZiUzRCUyMmh0dHBzJTNBJTJGJTJGd3d3LmZodXNhLXRzYS5jb20lMkZpdCUyRmJyb2NoYXMlMkYlMjIlM0VVVEVOU0lMSSUyMFBFUiUyMEJST0NDSUFUVVJBJTNDJTJGYSUzRSUzQyUyRmxpJTNFJTBBJTNDbGklMjBpZCUzRCUyMm1lbnUtaXRlbS0xMDgzMiUyMiUyMGNsYXNzJTNEJTIyZWxlbWVudG9zLW1lbnUtcHJvZHVjdG9zJTIwbWVudS1pdGVtLTEwODMyJTIwYWN0aXZlJTIyJTNFJTNDYSUyMGhyZWYlM0QlMjJodHRwcyUzQSUyRiUyRnd3dy5maHVzYS10c2EuY29tJTJGaXQlMkZza2l2aW5nJTJGJTIyJTIwYXJpYS1jdXJyZW50JTNEJTIycGFnZSUyMiUzRVNLSVZJTkclM0MlMkZhJTNFJTNDJTJGbGklM0UlMEElM0NsaSUyMGlkJTNEJTIybWVudS1pdGVtLTEwODM3JTIyJTIwY2xhc3MlM0QlMjJlbGVtZW50b3MtbWVudS1wcm9kdWN0b3MlMjBtZW51LWl0ZW0tMTA4MzclMjIlM0UlM0NhJTIwaHJlZiUzRCUyMmh0dHBzJTNBJTJGJTJGd3d3LmZodXNhLXRzYS5jb20lMkZpdCUyRmFmZWl0YWRvcmVzJTJGJTIyJTNFUkFTQVRPUkklMkZTQkFSQkFUT1JJJTNDJTJGYSUzRSUzQyUyRmxpJTNFJTBBJTNDbGklMjBpZCUzRCUyMm1lbnUtaXRlbS0xMDgzMyUyMiUyMGNsYXNzJTNEJTIyZWxlbWVudG9zLW1lbnUtcHJvZHVjdG9zJTIwbWVudS1pdGVtLTEwODMzJTIyJTNFJTNDYSUyMGhyZWYlM0QlMjJodHRwcyUzQSUyRiUyRnd3dy5maHVzYS10c2EuY29tJTJGaXQlMkZjaGFmbGFuYWRvcmVzJTJGJTIyJTNFU01VU1NBVE9SSSUzQyUyRmElM0UlM0MlMkZsaSUzRSUwQSUzQ2xpJTIwaWQlM0QlMjJtZW51LWl0ZW0tMTA4MzUlMjIlMjBjbGFzcyUzRCUyMmVsZW1lbnRvcy1tZW51LXByb2R1Y3RvcyUyMG1lbnUtaXRlbS0xMDgzNSUyMiUzRSUzQ2ElMjBocmVmJTNEJTIyaHR0cHMlM0ElMkYlMkZ3d3cuZmh1c2EtdHNhLmNvbSUyRml0JTJGbW9sZXRhcyUyRiUyMiUzRVJVTExJJTIwUklDQUxDQVRPUkklM0MlMkZhJTNFJTNDJTJGbGklM0UlMEElM0NsaSUyMGlkJTNEJTIybWVudS1pdGVtLTEwODM0JTIyJTIwY2xhc3MlM0QlMjJlbGVtZW50b3MtbWVudS1wcm9kdWN0b3MlMjBtZW51LWl0ZW0tMTA4MzQlMjIlM0UlM0NhJTIwaHJlZiUzRCUyMmh0dHBzJTNBJTJGJTJGd3d3LmZodXNhLXRzYS5jb20lMkZpdCUyRmVuZ3JhbmFqZS1wYXRyb24lMkYlMjIlM0VJTkdSQU5BR0dJJTIwTUFTVEVSJTNDJTJGYSUzRSUzQyUyRmxpJTNFJTBBJTNDJTJGdWwlM0UlMEElM0MlMkZkaXYlM0U=[\/vc_raw_html][\/vc_column][\/vc_row][vc_row][vc_column]<section id=\"content-section-2132748813\" class=\"intense content-section \"2 style=\"  margin-bottom: 0; margin-top: 0; margin-left: 0; margin-right: 0;  padding-top: 0; padding-bottom:25px; padding-left: 0; padding-right:0; \"><div class=\"intense container  \">[vc_row_inner][vc_column_inner width=&#8221;2\/3&#8243;][vc_column_text]\n<h1><strong>Utensili Power Skiving<\/strong><\/h1>\n<p>La dentatura per generazione \u201cskiving\u201d fu sviluppata moltissimi anni fa. Solo <strong>oggi \u00e8 diventata una realt\u00e0 applicata\u00a0 alle nuove, rigide e precise macchine CNC<\/strong> che permettono di sincronizzare le rotazioni con la <strong>precisione necessaria.<\/strong><\/p>\n<p>Non si confonda il <strong>Power Skiving<\/strong> con la dentatura a coltello (utensile di geometria simile) o con la dentatura in duro con creatore (chiamata anch\u2019essa skiving). Il powerskiving \u00e8 un <strong>processo di alta velocit\u00e0<\/strong> que genera dentature e combina principi di tornitura, dentatura e rasatura di ingranaggi. L\u2019angolo d\u2019elica del particolare e dell\u2019utensile formano un incrocio, come gli sbarbatori. <strong>Questo principio permette di ottenere una bassa rugosit\u00e0 e una alta qualit\u00e0 di finitura.<\/strong>[\/vc_column_text][\/vc_column_inner][vc_column_inner width=&#8221;1\/3&#8243;][vc_single_image image=&#8221;12358&#8243; img_size=&#8221;full&#8221; onclick=&#8221;zoom&#8221;][\/vc_column_inner][\/vc_row_inner][vc_column_text]\n<table class=\"tg\">\n<tbody>\n<tr>\n<td class=\"tg-k61v\">Applicazioni e tipologie<\/td>\n<td class=\"tg-buig\">Dentatura cilindrica diritta\/elicoidale per generazione; dentatura interna\/esterna di trasmissioni dentate; produzioni in grandi serie su centro multifunzione<\/td>\n<\/tr>\n<tr>\n<td class=\"tg-tklq\">Moduli (DP)<\/td>\n<td class=\"tg-ebjx\">Modulo normale da 0.4 a 8 (Diametral Pitch da DP64 a DP3.125)<\/td>\n<\/tr>\n<tr>\n<td class=\"tg-k61v\">Profili ottenibili<\/td>\n<td class=\"tg-buig\">Evolvente, fianchi diritti ed altri scanalati speciali; ruote a catene, pulegge dentate, cricchetti, profili lobulari ed altre dentature; scanalati a settori (vani pieni e\/o denti eliminati)<\/td>\n<\/tr>\n<tr>\n<td class=\"tg-0795\">Correzioni di profilo<\/td>\n<td class=\"tg-buig\">Semitopping, topping, raggio pieno, protuberanza, cornini; correzioni di evolvente (tip rilief, bombatura, profilo K, ecc.); *vedi tabella creatori<\/td>\n<\/tr>\n<tr>\n<td class=\"tg-tklq\">Geometrie<\/td>\n<td class=\"tg-ebjx\">Integrali a disco, campana e gambo; cilindrico (senza spoglia) o conico (con spoglia)<\/td>\n<\/tr>\n<tr>\n<td class=\"tg-0795\">Materiali<\/td>\n<td class=\"tg-buig\">Acciaio super-rapido (PM HSS) e metallo duro<\/td>\n<\/tr>\n<tr>\n<td class=\"tg-tklq\">Rivestimenti<\/td>\n<td class=\"tg-ebjx\">Tutti i comuni rivestimenti PVD: Alcrona \u00ae e Altensa \u00ae<\/td>\n<\/tr>\n<tr>\n<td class=\"tg-0795\">Fissaggio<\/td>\n<td class=\"tg-buig\">Fori e codoli come per i coltelli stozzatori; per attacchi specifici si prega di consultare<\/td>\n<\/tr>\n<\/tbody>\n<\/table>\n[\/vc_column_text][vc_single_image image=&#8221;12350&#8243; img_size=&#8221;full&#8221; alignment=&#8221;center&#8221; onclick=&#8221;zoom&#8221;][vc_column_text]<strong>FHUSA-TSA ha pi\u00f9 di 40 anni d\u2019esperienza nella fabbricazione<\/strong> di coltelli e rasatori. Questa esperienza \u00e8 stata di enorme utilit\u00e0 per <strong>sviluppare utensili powerskiving di alta qualit\u00e0<\/strong>. La possibilit\u00e1 di fare la dentatura sul centro multifunzione (con un unica preparazione) non \u00e8 l\u2019unico vantiaggio del Power Skiving:[\/vc_column_text][vc_row_inner][vc_column_inner width=&#8221;2\/3&#8243;][vc_column_text]\n<table class=\"tg\">\n<tbody>\n<tr>\n<td class=\"tg-k61v\">Tempo ciclo<\/td>\n<td class=\"tg-buig\">Fino a 6 volte pi\u00f9 rapido della dentatura a coltello<\/td>\n<\/tr>\n<tr>\n<td class=\"tg-tklq\">Qualit\u00e0 ottenuta<\/td>\n<td class=\"tg-ebjx\">1 classe meglio del coltello (DIN classe 5 a 7)<\/td>\n<\/tr>\n<tr>\n<td class=\"tg-k61v\">Rugosit\u00e0 superficiale<\/td>\n<td class=\"tg-buig\">Migliore del creatore, simile alla rasatura<\/td>\n<\/tr>\n<tr>\n<td class=\"tg-0795\">Bombatura d&#8217;elica<\/td>\n<td class=\"tg-buig\">Mediante assi macchina (impossibile con broccia)<\/td>\n<\/tr>\n<tr>\n<td class=\"tg-tklq\">Gola di scarico<\/td>\n<td class=\"tg-ebjx\">Non necessaria (nella dentatura tradizionale si)<\/td>\n<\/tr>\n<\/tbody>\n<\/table>\n[\/vc_column_text][\/vc_column_inner][vc_column_inner width=&#8221;1\/3&#8243;][vc_single_image image=&#8221;12354&#8243; img_size=&#8221;full&#8221; onclick=&#8221;zoom&#8221;][\/vc_column_inner][\/vc_row_inner][vc_column_text]<strong>Servicio post-vendita per Power Skiving <\/strong><\/p>\n<p>L\u2019affilatura e il rivestimento degli utensili powerskiving \u00e8 fondamentale. TSA effettua una preparazione speciale del tagliente che va ripetuta in ogni affilatura. <strong>Abbiamo collaboratori negli USA, in Europa e in Cina<\/strong> per riprodurre le condizioni iniziali e assicurare le prestazioni dei nostri utensili durante <strong>tutta la loro vita util<\/strong>e.[\/vc_column_text][vc_btn title=&#8221;Pi\u00f9 informazione&#8221; style=&#8221;flat&#8221; shape=&#8221;round&#8221; color=&#8221;warning&#8221; align=&#8221;left&#8221; link=&#8221;url:https%3A%2F%2Fwww.fhusa-tsa.com%2Fit%2Fcontatto|title:Contacto||&#8221; el_class=&#8221;color-azul&#8221;]<\/div><\/section>[\/vc_column][\/vc_row]\n","protected":false},"excerpt":{"rendered":"<p>[vc_row el_class=&#8221;row-menu-border&#8221;][vc_column el_class=&#8221;row-menu&#8221;][vc_raw_html css=&#8221;.vc_custom_1624435911676{margin-top: 0px !important;margin-right: 0px !important;margin-bottom: 0px !important;margin-left: 0px !important;border-top-width: 0px !important;border-right-width: 0px !important;border-bottom-width: 0px !important;border-left-width: 0px !important;padding-top: 0px !important;padding-right: 0px !important;padding-bottom: 0px !important;padding-left: 0px !important;}&#8221;]JTNDYnV0dG9uJTIwY2xhc3MlM0QlMjJhY2NvcmRpb24lMjIlM0VOdWVzdHJvcyUyMFByb2R1Y3RvcyUzQyUyRmJ1dHRvbiUzRSUwQSUzQ2RpdiUyMGNsYXNzJTNEJTIycGFuZWwlMjIlM0UlMEElM0N1bCUyMGlkJTNEJTIybWVudS1wcm9kdWN0b3MlMjIlMjBjbGFzcyUzRCUyMmludGVuc2UlMjBtZW51JTIwaG9yaXpvbnRhbCUyMHNmLW1lbnUlMjIlM0UlMEElM0NsaSUyMGlkJTNEJTIybWVudS1pdGVtLTEwODM4JTIyJTIwY2xhc3MlM0QlMjJlbGVtZW50b3MtbWVudS1wcm9kdWN0b3MlMjBtZW51LWl0ZW0tMTA4MzglMjIlM0UlM0NhJTIwaHJlZiUzRCUyMmh0dHBzJTNBJTJGJTJGd3d3LmZodXNhLXRzYS5jb20lMkZpdCUyRmNvcnRhZG9yZXMlMkYlMjIlM0VDT0xURUxMSSUyMFNUT1paQVRPUkklM0MlMkZhJTNFJTNDJTJGbGklM0UlMEElM0NsaSUyMGlkJTNEJTIybWVudS1pdGVtLTEwODM2JTIyJTIwY2xhc3MlM0QlMjJlbGVtZW50b3MtbWVudS1wcm9kdWN0b3MlMjBtZW51LWl0ZW0tMTA4MzYlMjIlM0UlM0NhJTIwaHJlZiUzRCUyMmh0dHBzJTNBJTJGJTJGd3d3LmZodXNhLXRzYS5jb20lMkZpdCUyRmZyZXNhLW1hZHJlJTJGJTIyJTNFQ1JFQVRPUkklMjBFJTIwRlJFU0UlM0MlMkZhJTNFJTNDJTJGbGklM0UlMEElM0NsaSUyMGlkJTNEJTIybWVudS1pdGVtLTEwODMxJTIyJTIwY2xhc3MlM0QlMjJlbGVtZW50b3MtbWVudS1wcm9kdWN0b3MlMjBtZW51LWl0ZW0tMTA4MzElMjIlM0UlM0NhJTIwaHJlZiUzRCUyMmh0dHBzJTNBJTJGJTJGd3d3LmZodXNhLXRzYS5jb20lMkZpdCUyRmJyb2NoYXMlMkYlMjIlM0VVVEVOU0lMSSUyMFBFUiUyMEJST0NDSUFUVVJBJTNDJTJGYSUzRSUzQyUyRmxpJTNFJTBBJTNDbGklMjBpZCUzRCUyMm1lbnUtaXRlbS0xMDgzMiUyMiUyMGNsYXNzJTNEJTIyZWxlbWVudG9zLW1lbnUtcHJvZHVjdG9zJTIwbWVudS1pdGVtLTEwODMyJTIwYWN0aXZlJTIyJTNFJTNDYSUyMGhyZWYlM0QlMjJodHRwcyUzQSUyRiUyRnd3dy5maHVzYS10c2EuY29tJTJGaXQlMkZza2l2aW5nJTJGJTIyJTIwYXJpYS1jdXJyZW50JTNEJTIycGFnZSUyMiUzRVNLSVZJTkclM0MlMkZhJTNFJTNDJTJGbGklM0UlMEElM0NsaSUyMGlkJTNEJTIybWVudS1pdGVtLTEwODM3JTIyJTIwY2xhc3MlM0QlMjJlbGVtZW50b3MtbWVudS1wcm9kdWN0b3MlMjBtZW51LWl0ZW0tMTA4MzclMjIlM0UlM0NhJTIwaHJlZiUzRCUyMmh0dHBzJTNBJTJGJTJGd3d3LmZodXNhLXRzYS5jb20lMkZpdCUyRmFmZWl0YWRvcmVzJTJGJTIyJTNFUkFTQVRPUkklMkZTQkFSQkFUT1JJJTNDJTJGYSUzRSUzQyUyRmxpJTNFJTBBJTNDbGklMjBpZCUzRCUyMm1lbnUtaXRlbS0xMDgzMyUyMiUyMGNsYXNzJTNEJTIyZWxlbWVudG9zLW1lbnUtcHJvZHVjdG9zJTIwbWVudS1pdGVtLTEwODMzJTIyJTNFJTNDYSUyMGhyZWYlM0QlMjJodHRwcyUzQSUyRiUyRnd3dy5maHVzYS10c2EuY29tJTJGaXQlMkZjaGFmbGFuYWRvcmVzJTJGJTIyJTNFU01VU1NBVE9SSSUzQyUyRmElM0UlM0MlMkZsaSUzRSUwQSUzQ2xpJTIwaWQlM0QlMjJtZW51LWl0ZW0tMTA4MzUlMjIlMjBjbGFzcyUzRCUyMmVsZW1lbnRvcy1tZW51LXByb2R1Y3RvcyUyMG1lbnUtaXRlbS0xMDgzNSUyMiUzRSUzQ2ElMjBocmVmJTNEJTIyaHR0cHMlM0ElMkYlMkZ3d3cuZmh1c2EtdHNhLmNvbSUyRml0JTJGbW9sZXRhcyUyRiUyMiUzRVJVTExJJTIwUklDQUxDQVRPUkklM0MlMkZhJTNFJTNDJTJGbGklM0UlMEElM0NsaSUyMGlkJTNEJTIybWVudS1pdGVtLTEwODM0JTIyJTIwY2xhc3MlM0QlMjJlbGVtZW50b3MtbWVudS1wcm9kdWN0b3MlMjBtZW51LWl0ZW0tMTA4MzQlMjIlM0UlM0NhJTIwaHJlZiUzRCUyMmh0dHBzJTNBJTJGJTJGd3d3LmZodXNhLXRzYS5jb20lMkZpdCUyRmVuZ3JhbmFqZS1wYXRyb24lMkYlMjIlM0VJTkdSQU5BR0dJJTIwTUFTVEVSJTNDJTJGYSUzRSUzQyUyRmxpJTNFJTBBJTNDJTJGdWwlM0UlMEElM0MlMkZkaXYlM0U=[\/vc_raw_html][\/vc_column][\/vc_row][vc_row][vc_column][\/vc_column][\/vc_row]<\/p>\n","protected":false},"author":1,"featured_media":0,"parent":0,"menu_order":0,"comment_status":"open","ping_status":"open","template":"full-width.php","meta":[],"yoast_head":"<!-- This site is optimized with the Yoast SEO plugin v16.4 - https:\/\/yoast.com\/wordpress\/plugins\/seo\/ -->\n<title>HERRAMIENTAS PROCESO Utensili Power Skiving - FHUSA-TSA<\/title>\n<meta name=\"description\" content=\"Se trata de un proceso de alta velocidad que genera dientes de engranaje y combina principios de torneado, tallado y afeitado de engranajes.\" \/>\n<meta name=\"robots\" content=\"index, follow, max-snippet:-1, max-image-preview:large, max-video-preview:-1\" \/>\n<link rel=\"canonical\" href=\"https:\/\/www.fhusa-tsa.com\/it\/skiving\/\" \/>\n<meta property=\"og:locale\" content=\"it_IT\" \/>\n<meta property=\"og:type\" content=\"article\" \/>\n<meta property=\"og:title\" content=\"HERRAMIENTAS PROCESO Utensili Power Skiving - FHUSA-TSA\" \/>\n<meta property=\"og:description\" content=\"Se trata de un proceso de alta velocidad que genera dientes de engranaje y combina principios de torneado, tallado y afeitado de engranajes.\" \/>\n<meta property=\"og:url\" content=\"https:\/\/www.fhusa-tsa.com\/it\/skiving\/\" \/>\n<meta property=\"og:site_name\" content=\"FHUSA-TSA\" \/>\n<meta property=\"article:modified_time\" content=\"2021-11-17T20:24:11+00:00\" \/>\n<meta name=\"twitter:card\" content=\"summary\" \/>\n<meta name=\"twitter:label1\" content=\"Est. reading time\" \/>\n\t<meta name=\"twitter:data1\" content=\"3 minuti\" \/>\n<script type=\"application\/ld+json\" class=\"yoast-schema-graph\">{\"@context\":\"https:\/\/schema.org\",\"@graph\":[{\"@type\":\"WebSite\",\"@id\":\"https:\/\/www.fhusa-tsa.com\/#website\",\"url\":\"https:\/\/www.fhusa-tsa.com\/\",\"name\":\"FHUSA-TSA\",\"description\":\"Fabricante Herramientas Precisi\\u00f3n para Engranajes, Skiving, Fresas Madre, Cortadores\",\"potentialAction\":[{\"@type\":\"SearchAction\",\"target\":\"https:\/\/www.fhusa-tsa.com\/?s={search_term_string}\",\"query-input\":\"required name=search_term_string\"}],\"inLanguage\":\"it-IT\"},{\"@type\":\"WebPage\",\"@id\":\"https:\/\/www.fhusa-tsa.com\/it\/skiving\/#webpage\",\"url\":\"https:\/\/www.fhusa-tsa.com\/it\/skiving\/\",\"name\":\"HERRAMIENTAS PROCESO Utensili Power Skiving - FHUSA-TSA\",\"isPartOf\":{\"@id\":\"https:\/\/www.fhusa-tsa.com\/#website\"},\"datePublished\":\"2021-05-11T10:08:00+00:00\",\"dateModified\":\"2021-11-17T20:24:11+00:00\",\"description\":\"Se trata de un proceso de alta velocidad que genera dientes de engranaje y combina principios de torneado, tallado y afeitado de engranajes.\",\"breadcrumb\":{\"@id\":\"https:\/\/www.fhusa-tsa.com\/it\/skiving\/#breadcrumb\"},\"inLanguage\":\"it-IT\",\"potentialAction\":[{\"@type\":\"ReadAction\",\"target\":[\"https:\/\/www.fhusa-tsa.com\/it\/skiving\/\"]}]},{\"@type\":\"BreadcrumbList\",\"@id\":\"https:\/\/www.fhusa-tsa.com\/it\/skiving\/#breadcrumb\",\"itemListElement\":[{\"@type\":\"ListItem\",\"position\":1,\"item\":{\"@type\":\"WebPage\",\"@id\":\"https:\/\/www.fhusa-tsa.com\/it\/\",\"url\":\"https:\/\/www.fhusa-tsa.com\/it\/\",\"name\":\"Portada\"}},{\"@type\":\"ListItem\",\"position\":2,\"item\":{\"@id\":\"https:\/\/www.fhusa-tsa.com\/it\/skiving\/#webpage\"}}]}]}<\/script>\n<!-- \/ Yoast SEO plugin. -->","_links":{"self":[{"href":"https:\/\/www.fhusa-tsa.com\/it\/wp-json\/wp\/v2\/pages\/11664"}],"collection":[{"href":"https:\/\/www.fhusa-tsa.com\/it\/wp-json\/wp\/v2\/pages"}],"about":[{"href":"https:\/\/www.fhusa-tsa.com\/it\/wp-json\/wp\/v2\/types\/page"}],"author":[{"embeddable":true,"href":"https:\/\/www.fhusa-tsa.com\/it\/wp-json\/wp\/v2\/users\/1"}],"replies":[{"embeddable":true,"href":"https:\/\/www.fhusa-tsa.com\/it\/wp-json\/wp\/v2\/comments?post=11664"}],"version-history":[{"count":9,"href":"https:\/\/www.fhusa-tsa.com\/it\/wp-json\/wp\/v2\/pages\/11664\/revisions"}],"predecessor-version":[{"id":12362,"href":"https:\/\/www.fhusa-tsa.com\/it\/wp-json\/wp\/v2\/pages\/11664\/revisions\/12362"}],"wp:attachment":[{"href":"https:\/\/www.fhusa-tsa.com\/it\/wp-json\/wp\/v2\/media?parent=11664"}],"curies":[{"name":"wp","href":"https:\/\/api.w.org\/{rel}","templated":true}]}}